{"id":6546,"date":"2024-03-24T11:29:28","date_gmt":"2024-03-24T11:29:28","guid":{"rendered":"https:\/\/architive.hu\/?page_id=6546"},"modified":"2024-03-24T11:29:56","modified_gmt":"2024-03-24T11:29:56","slug":"imprint","status":"publish","type":"page","link":"https:\/\/architive.hu\/en\/impresszum\/","title":{"rendered":"Imprint"},"content":{"rendered":"\t\t<div data-elementor-type=\"wp-page\" data-elementor-id=\"6546\" class=\"elementor elementor-6546\">\n\t\t\t\t\t\t<section class=\"elementor-section elementor-top-section elementor-element elementor-element-1b1b662 elementor-section-boxed elementor-section-height-default elementor-section-height-default\" data-id=\"1b1b662\" data-element_type=\"section\" data-e-type=\"section\" data-settings=\"{&quot;jet_parallax_layout_list&quot;:[{&quot;jet_parallax_layout_image&quot;:{&quot;url&quot;:&quot;&quot;,&quot;id&quot;:&quot;&quot;,&quot;size&quot;:&quot;&quot;},&quot;_id&quot;:&quot;b81bfa7&quot;,&quot;jet_parallax_layout_image_tablet&quot;:{&quot;url&quot;:&quot;&quot;,&quot;id&quot;:&quot;&quot;,&quot;size&quot;:&quot;&quot;},&quot;jet_parallax_layout_image_mobile&quot;:{&quot;url&quot;:&quot;&quot;,&quot;id&quot;:&quot;&quot;,&quot;size&quot;:&quot;&quot;},&quot;jet_parallax_layout_speed&quot;:{&quot;unit&quot;:&quot;%&quot;,&quot;size&quot;:50,&quot;sizes&quot;:[]},&quot;jet_parallax_layout_type&quot;:&quot;scroll&quot;,&quot;jet_parallax_layout_direction&quot;:&quot;1&quot;,&quot;jet_parallax_layout_fx_direction&quot;:null,&quot;jet_parallax_layout_z_index&quot;:&quot;&quot;,&quot;jet_parallax_layout_bg_x&quot;:50,&quot;jet_parallax_layout_bg_x_tablet&quot;:&quot;&quot;,&quot;jet_parallax_layout_bg_x_mobile&quot;:&quot;&quot;,&quot;jet_parallax_layout_bg_y&quot;:50,&quot;jet_parallax_layout_bg_y_tablet&quot;:&quot;&quot;,&quot;jet_parallax_layout_bg_y_mobile&quot;:&quot;&quot;,&quot;jet_parallax_layout_bg_size&quot;:&quot;auto&quot;,&quot;jet_parallax_layout_bg_size_tablet&quot;:&quot;&quot;,&quot;jet_parallax_layout_bg_size_mobile&quot;:&quot;&quot;,&quot;jet_parallax_layout_animation_prop&quot;:&quot;transform&quot;,&quot;jet_parallax_layout_on&quot;:[&quot;desktop&quot;,&quot;tablet&quot;]}]}\">\n\t\t\t\t\t\t<div class=\"elementor-container elementor-column-gap-default\">\n\t\t\t\t\t<div class=\"elementor-column elementor-col-100 elementor-top-column elementor-element elementor-element-a3f48c0 ot-flex-column-vertical\" data-id=\"a3f48c0\" data-element_type=\"column\" data-e-type=\"column\">\n\t\t\t<div class=\"elementor-widget-wrap elementor-element-populated\">\n\t\t\t\t\t\t<div class=\"elementor-element elementor-element-2260238 elementor-widget elementor-widget-spacer\" data-id=\"2260238\" data-element_type=\"widget\" data-e-type=\"widget\" data-widget_type=\"spacer.default\">\n\t\t\t\t<div class=\"elementor-widget-container\">\n\t\t\t\t\t\t\t<div class=\"elementor-spacer\">\n\t\t\t<div class=\"elementor-spacer-inner\"><\/div>\n\t\t<\/div>\n\t\t\t\t\t\t<\/div>\n\t\t\t\t<\/div>\n\t\t\t\t<div class=\"elementor-element elementor-element-c5396db elementor-widget elementor-widget-text-editor\" data-id=\"c5396db\" data-element_type=\"widget\" data-e-type=\"widget\" data-widget_type=\"text-editor.default\">\n\t\t\t\t<div class=\"elementor-widget-container\">\n\t\t\t\t\t\t\t\t\t<h3><strong>Architive Concept Kft.<\/strong><\/h3><p>Fant\u00e1zia n\u00e9v: Architive Concept \u00c9p\u00edt\u00e9sz St\u00fadi\u00f3<\/p><p>Sz\u00e9khely: 1143 Budapest, Z\u00e1szl\u00f3s utca 29-31.<\/p><p>Ad\u00f3sz\u00e1m: 26571793-2-42<\/p><p>Nyilv\u00e1ntart\u00e1sba vev\u0151 hat\u00f3s\u00e1g: Nemzeti Ad\u00f3- \u00e9s V\u00e1mhivatal<\/p><p>Nyilv\u00e1ntart\u00e1si sz\u00e1m: 01 09 332755<\/p><p>E-mail: info.architive@gmail.com<\/p><p>Ter\u00fcletileg illet\u00e9kes kereskedelmi \u00e9s iparkamara: Budapesti Kereskedelmi \u00e9s Iparkamara<\/p><p>T\u00e1rhelyszolg\u00e1ltat\u00f3: Websupport Magyarorsz\u00e1g Kft.<\/p><p>T\u00e1rhelyszolg\u00e1ltat\u00f3 c\u00edme: 1119 Budapest, Feh\u00e9rv\u00e1ri \u00fat 97-99.<\/p><p>T\u00e1rhelyszolg\u00e1ltat\u00f3 e-mail c\u00edme: info@mhosting.hu<\/p><p style=\"text-align: justify;\"><br \/><br \/><\/p>\t\t\t\t\t\t\t\t<\/div>\n\t\t\t\t<\/div>\n\t\t\t\t\t<\/div>\n\t\t<\/div>\n\t\t\t\t\t<\/div>\n\t\t<\/section>\n\t\t\t\t<\/div>\n\t\t","protected":false},"excerpt":{"rendered":"<p>Architive Concept Kft. Fant\u00e1zia n\u00e9v: Architive Concept \u00c9p\u00edt\u00e9sz St\u00fadi\u00f3 Sz\u00e9khely: 1143 Budapest, Z\u00e1szl\u00f3s utca 29-31. Ad\u00f3sz\u00e1m: 26571793-2-42 Nyilv\u00e1ntart\u00e1sba vev\u0151 hat\u00f3s\u00e1g: Nemzeti Ad\u00f3- \u00e9s V\u00e1mhivatal Nyilv\u00e1ntart\u00e1si sz\u00e1m: 01 09 332755 E-mail: info.architive@gmail.com Ter\u00fcletileg illet\u00e9kes kereskedelmi \u00e9s iparkamara: Budapesti Kereskedelmi \u00e9s Iparkamara T\u00e1rhelyszolg\u00e1ltat\u00f3: Websupport Magyarorsz\u00e1g Kft. T\u00e1rhelyszolg\u00e1ltat\u00f3 c\u00edme: 1119 Budapest, Feh\u00e9rv\u00e1ri \u00fat 97-99. T\u00e1rhelyszolg\u00e1ltat\u00f3 e-mail c\u00edme: info@mhosting.hu<\/p>","protected":false},"author":1,"featured_media":0,"parent":0,"menu_order":0,"comment_status":"closed","ping_status":"closed","template":"","meta":{"itsec_x_frame_options":"","footnotes":""},"class_list":["post-6546","page","type-page","status-publish","hentry"],"_links":{"self":[{"href":"https:\/\/architive.hu\/en\/wp-json\/wp\/v2\/pages\/6546","targetHints":{"allow":["GET"]}}],"collection":[{"href":"https:\/\/architive.hu\/en\/wp-json\/wp\/v2\/pages"}],"about":[{"href":"https:\/\/architive.hu\/en\/wp-json\/wp\/v2\/types\/page"}],"author":[{"embeddable":true,"href":"https:\/\/architive.hu\/en\/wp-json\/wp\/v2\/users\/1"}],"replies":[{"embeddable":true,"href":"https:\/\/architive.hu\/en\/wp-json\/wp\/v2\/comments?post=6546"}],"version-history":[{"count":0,"href":"https:\/\/architive.hu\/en\/wp-json\/wp\/v2\/pages\/6546\/revisions"}],"wp:attachment":[{"href":"https:\/\/architive.hu\/en\/wp-json\/wp\/v2\/media?parent=6546"}],"curies":[{"name":"wp","href":"https:\/\/api.w.org\/{rel}","templated":true}]}}