{"id":6052,"date":"2021-12-13T10:29:15","date_gmt":"2021-12-13T10:29:15","guid":{"rendered":"https:\/\/architive.hu\/?page_id=6052"},"modified":"2022-10-05T16:23:22","modified_gmt":"2022-10-05T16:23:22","slug":"cookie-policy","status":"publish","type":"page","link":"https:\/\/architive.hu\/en\/cookie-suti-szabalyzat\/","title":{"rendered":"Cookie Policy"},"content":{"rendered":"\t\t<div data-elementor-type=\"wp-page\" data-elementor-id=\"6052\" class=\"elementor elementor-6052\">\n\t\t\t\t\t\t<section class=\"elementor-section elementor-top-section elementor-element elementor-element-649c427 elementor-section-boxed elementor-section-height-default elementor-section-height-default\" data-id=\"649c427\" data-element_type=\"section\" data-e-type=\"section\" data-settings=\"{&quot;jet_parallax_layout_list&quot;:[{&quot;jet_parallax_layout_image&quot;:{&quot;url&quot;:&quot;&quot;,&quot;id&quot;:&quot;&quot;,&quot;size&quot;:&quot;&quot;},&quot;_id&quot;:&quot;ed50919&quot;,&quot;jet_parallax_layout_image_tablet&quot;:{&quot;url&quot;:&quot;&quot;,&quot;id&quot;:&quot;&quot;,&quot;size&quot;:&quot;&quot;},&quot;jet_parallax_layout_image_mobile&quot;:{&quot;url&quot;:&quot;&quot;,&quot;id&quot;:&quot;&quot;,&quot;size&quot;:&quot;&quot;},&quot;jet_parallax_layout_speed&quot;:{&quot;unit&quot;:&quot;%&quot;,&quot;size&quot;:50,&quot;sizes&quot;:[]},&quot;jet_parallax_layout_type&quot;:&quot;scroll&quot;,&quot;jet_parallax_layout_direction&quot;:&quot;1&quot;,&quot;jet_parallax_layout_fx_direction&quot;:null,&quot;jet_parallax_layout_z_index&quot;:&quot;&quot;,&quot;jet_parallax_layout_bg_x&quot;:50,&quot;jet_parallax_layout_bg_x_tablet&quot;:&quot;&quot;,&quot;jet_parallax_layout_bg_x_mobile&quot;:&quot;&quot;,&quot;jet_parallax_layout_bg_y&quot;:50,&quot;jet_parallax_layout_bg_y_tablet&quot;:&quot;&quot;,&quot;jet_parallax_layout_bg_y_mobile&quot;:&quot;&quot;,&quot;jet_parallax_layout_bg_size&quot;:&quot;auto&quot;,&quot;jet_parallax_layout_bg_size_tablet&quot;:&quot;&quot;,&quot;jet_parallax_layout_bg_size_mobile&quot;:&quot;&quot;,&quot;jet_parallax_layout_animation_prop&quot;:&quot;transform&quot;,&quot;jet_parallax_layout_on&quot;:[&quot;desktop&quot;,&quot;tablet&quot;]}]}\">\n\t\t\t\t\t\t<div class=\"elementor-container elementor-column-gap-default\">\n\t\t\t\t\t<div class=\"elementor-column elementor-col-100 elementor-top-column elementor-element elementor-element-1efdeb2 ot-flex-column-vertical\" data-id=\"1efdeb2\" data-element_type=\"column\" data-e-type=\"column\">\n\t\t\t<div class=\"elementor-widget-wrap elementor-element-populated\">\n\t\t\t\t\t\t<div class=\"elementor-element elementor-element-1bf4d3d elementor-widget elementor-widget-spacer\" data-id=\"1bf4d3d\" data-element_type=\"widget\" data-e-type=\"widget\" data-widget_type=\"spacer.default\">\n\t\t\t\t<div class=\"elementor-widget-container\">\n\t\t\t\t\t\t\t<div class=\"elementor-spacer\">\n\t\t\t<div class=\"elementor-spacer-inner\"><\/div>\n\t\t<\/div>\n\t\t\t\t\t\t<\/div>\n\t\t\t\t<\/div>\n\t\t\t\t<div class=\"elementor-element elementor-element-c469538 elementor-widget elementor-widget-text-editor\" data-id=\"c469538\" data-element_type=\"widget\" data-e-type=\"widget\" data-widget_type=\"text-editor.default\">\n\t\t\t\t<div class=\"elementor-widget-container\">\n\t\t\t\t\t\t\t\t\t<h2 style=\"text-align: justify;\">A s\u00fctikr\u0151l<\/h2><p style=\"text-align: justify;\">A HTTP-s\u00fcti (\u00e1ltal\u00e1ban egyszer\u0171en s\u00fcti, illetve angolul cookie) egy inform\u00e1ci\u00f3csomag, amelyet a szerver k\u00fcld a webb\u00f6ng\u00e9sz\u0151nek, majd a b\u00f6ng\u00e9sz\u0151 visszak\u00fcld a szervernek minden, a szerver fel\u00e9 ir\u00e1ny\u00edtott k\u00e9r\u00e9s alkalm\u00e1val. Ha a b\u00f6ng\u00e9sz\u0151 visszak\u00fcld egy s\u00fctit, a kiszolg\u00e1l\u00f3nak lehet\u0151s\u00e9ge van \u00f6sszekapcsolni az aktu\u00e1lis k\u00e9r\u00e9st a kor\u00e1bbiakkal. Leggyakrabban egy adott weboldal regisztr\u00e1lt felhaszn\u00e1l\u00f3inak azonos\u00edt\u00e1s\u00e1ra, \u201ebev\u00e1s\u00e1rl\u00f3kos\u00e1r\u201d nyilv\u00e1ntart\u00e1s\u00e1ra vagy l\u00e1togat\u00f3k nyomon k\u00f6vet\u00e9s\u00e9re haszn\u00e1lj\u00e1k.<\/p><h2 style=\"text-align: justify;\">Milyen s\u00fctiket haszn\u00e1l weboldalunk?<\/h2><p style=\"text-align: justify;\">Aj\u00e1nlatk\u00e9r\u00e9s vagy kapcsolatfelv\u00e9tel ut\u00e1n a honlap a megadott nevet, e-mail \u00e9s webc\u00edmet s\u00fctiben elt\u00e1rolja. A t\u00e1rol\u00e1s csak k\u00e9nyelmi c\u00e9lokat szolg\u00e1l, hogy a k\u00f6vetkez\u0151 hozz\u00e1sz\u00f3l\u00e1skor ne kelljen automatikusan kit\u00f6lteni. A s\u00fctik lej\u00e1rati ideje 1 \u00e9v.<br \/>A honlapra t\u00f6rt\u00e9n\u0151 bejelentkez\u00e9skor t\u00f6bb s\u00fctit hozunk l\u00e9tre, amely elmenti a bejelentkez\u00e9si inform\u00e1ci\u00f3t \u00e9s a szerkeszt\u0151fel\u00fclet megjelen\u00edt\u00e9si opci\u00f3it. A bejelentkez\u00e9si s\u00fctik k\u00e9t napig \u00e9rv\u00e9nyesek, a szerkeszt\u0151fel\u00fclet megjelen\u00edt\u00e9si opci\u00f3it t\u00e1rol\u00f3 s\u00fcti egy \u00e9vig. Amennyiben az \u201cEml\u00e9kezz r\u00e1m\u201d opci\u00f3t bejel\u00f6lj\u00fck, a bejelentkez\u00e9s k\u00e9t h\u00e9tig folytat\u00f3dik. Kijelentkez\u00e9skor a bejelentkez\u00e9si s\u00fctik elt\u00e1vol\u00edt\u00e1sra ker\u00fclnek.<br \/>Amennyiben bejegyz\u00e9st vagy oldalt szerkeszt\u00fcnk, egy \u00fajabb s\u00fctit t\u00e1rol el a b\u00f6ng\u00e9sz\u0151nk. Ez a s\u00fcti nem tartalmaz szem\u00e9lyes adatot, egyszer\u0171en csak a bejegyz\u00e9s azonos\u00edt\u00f3 sz\u00e1m\u00e1t t\u00e1rolja, amelyet szerkesztett\u00fcnk. Egy nap m\u00falva j\u00e1r le az \u00e9rv\u00e9nyess\u00e9ge.<br \/>A s\u00fctik a kezd\u0151k\u00e9perny\u0151n, a GDPR adatv\u00e9delmi szab\u00e1lyoz\u00e1s szerinti m\u00f3don elfogadhat\u00f3k, de elutas\u00edthat\u00f3k, kikapcsolhat\u00f3k is. A weboldalra val\u00f3 fell\u00e9p\u00e9skor, az s\u00fctikezel\u00e9s elfogad\u00e1s\u00e1ig azok kikapcsolt \u00e1llapotban vannak!<\/p><h3 style=\"text-align: justify;\">A weboldalon alkalmazott s\u00fctik:<\/h3><p style=\"text-align: justify;\">PHPSESSID \u2013 Munkamenet azonos\u00edt\u00f3<br \/>&#8211; Lej\u00e1rat: a munkamenet v\u00e9gezt\u00e9vel<\/p><h3 style=\"text-align: justify;\">Harmadik f\u00e9lt\u0151l sz\u00e1rmaz\u00f3 s\u00fctik:<\/h3><p style=\"text-align: justify;\">Google, Inc: Google Analytics \u2013 statisztikai adatok m\u00e9r\u00e9s\u00e9re<br \/>A weboldal a Google Inc. (\u201eGoogle\u201d) Google Analytics rendszer\u00e9t haszn\u00e1lja a l\u00e1togatotts\u00e1g\u00e1nak elemz\u00e9s\u00e9re. A Google Analytics rendszere \u00fan. \u201ecookie-kat\u201d \u2013 egyszer\u0171, r\u00f6vid, kism\u00e9ret\u0171 sz\u00f6veges f\u00e1jlokat \u2013 t\u00e1rol el az \u00d6n informatikai eszk\u00f6z\u00e9n \u00e9s ezek seg\u00edts\u00e9g\u00e9vel elemzi a weboldalunk l\u00e1togatotts\u00e1g\u00e1t, seg\u00edtve ezzel a weboldalunk fejleszt\u00e9s\u00e9t a felhaszn\u00e1l\u00f3i \u00e9lm\u00e9ny fokoz\u00e1sa \u00e9rdek\u00e9ben.<br \/>A \u201ecookie-ban\u201d r\u00f6gz\u00edtett, weboldal l\u00e1togatotts\u00e1g\u00e1ra vonatkoz\u00f3 adatok (a l\u00e1togat\u00e1s id\u0151pontj\u00e1val \u00e9s az \u00d6n IP c\u00edm\u00e9vel egy\u00fctt) a Google USA szervereire ker\u00fclnek \u00e1tvitelre \u00e9s let\u00e1rol\u00e1sra. A Google arra haszn\u00e1lja ezeket az adatokat, hogy az \u00d6n honlap-l\u00e1togat\u00e1si szok\u00e1sait ki\u00e9rt\u00e9kelje, jelent\u00e9seket \u00e1ll\u00edtson \u00f6ssze ezekr\u0151l a XY sz\u00e1m\u00e1ra, valamint arra, hogy egy\u00e9b, a weboldallal \u00e9s az internet haszn\u00e1lat\u00e1val kapcsolatos szolg\u00e1ltat\u00e1sokat ny\u00fajtson.<br \/>Azok a felhaszn\u00e1l\u00f3k, akik nem szeretn\u00e9k, hogy a Google Analytics jelent\u00e9st k\u00e9sz\u00edtsen a l\u00e1togat\u00e1sukr\u00f3l, telep\u00edthetik a Google Analytics letilt\u00f3 b\u00f6ng\u00e9sz\u0151b\u0151v\u00edtm\u00e9nyt. Ez a kieg\u00e9sz\u00edt\u0151 arra utas\u00edtja a Google Analytics JavaScript-szkriptjeit (ga.js, analytics.js, and dc.js), hogy ne k\u00fcldjenek l\u00e1togat\u00e1si inform\u00e1ci\u00f3t a Google sz\u00e1m\u00e1ra. Emellett azok a felhaszn\u00e1l\u00f3k, akik telep\u00edtett\u00e9k a letilt\u00f3 b\u00f6ng\u00e9sz\u0151b\u0151v\u00edtm\u00e9nyt, a tartalmi k\u00eds\u00e9rletekben sem vesznek r\u00e9szt.<br \/>Ha le szeretn\u00e9 tiltani az Analytics webes tev\u00e9kenys\u00e9g\u00e9t, keresse fel a Google Analytics letilt\u00f3 oldal\u00e1t (http:\/\/tools.google.com\/dlpage\/gaoptout), \u00e9s telep\u00edtse a b\u0151v\u00edtm\u00e9nyt b\u00f6ng\u00e9sz\u0151j\u00e9hez. A b\u0151v\u00edtm\u00e9ny telep\u00edt\u00e9s\u00e9r\u0151l \u00e9s elt\u00e1vol\u00edt\u00e1s\u00e1r\u00f3l tov\u00e1bbi t\u00e1j\u00e9koztat\u00e1s\u00e9rt tekintse meg az adott b\u00f6ng\u00e9sz\u0151h\u00f6z tartoz\u00f3 s\u00fag\u00f3t.<\/p>\t\t\t\t\t\t\t\t<\/div>\n\t\t\t\t<\/div>\n\t\t\t\t<div class=\"elementor-element elementor-element-5aa6950 elementor-widget elementor-widget-spacer\" data-id=\"5aa6950\" data-element_type=\"widget\" data-e-type=\"widget\" data-widget_type=\"spacer.default\">\n\t\t\t\t<div class=\"elementor-widget-container\">\n\t\t\t\t\t\t\t<div class=\"elementor-spacer\">\n\t\t\t<div class=\"elementor-spacer-inner\"><\/div>\n\t\t<\/div>\n\t\t\t\t\t\t<\/div>\n\t\t\t\t<\/div>\n\t\t\t\t\t<\/div>\n\t\t<\/div>\n\t\t\t\t\t<\/div>\n\t\t<\/section>\n\t\t\t\t<\/div>\n\t\t","protected":false},"excerpt":{"rendered":"<p>A s\u00fctikr\u0151l A HTTP-s\u00fcti (\u00e1ltal\u00e1ban egyszer\u0171en s\u00fcti, illetve angolul cookie) egy inform\u00e1ci\u00f3csomag, amelyet a szerver k\u00fcld a webb\u00f6ng\u00e9sz\u0151nek, majd a b\u00f6ng\u00e9sz\u0151 visszak\u00fcld a szervernek minden, a szerver fel\u00e9 ir\u00e1ny\u00edtott k\u00e9r\u00e9s alkalm\u00e1val. Ha a b\u00f6ng\u00e9sz\u0151 visszak\u00fcld egy s\u00fctit, a kiszolg\u00e1l\u00f3nak lehet\u0151s\u00e9ge van \u00f6sszekapcsolni az aktu\u00e1lis k\u00e9r\u00e9st a kor\u00e1bbiakkal. Leggyakrabban egy adott weboldal regisztr\u00e1lt felhaszn\u00e1l\u00f3inak azonos\u00edt\u00e1s\u00e1ra, \u201ebev\u00e1s\u00e1rl\u00f3kos\u00e1r\u201d [&hellip;]<\/p>\n","protected":false},"author":1,"featured_media":0,"parent":0,"menu_order":0,"comment_status":"closed","ping_status":"closed","template":"","meta":{"itsec_x_frame_options":"","footnotes":""},"class_list":["post-6052","page","type-page","status-publish","hentry"],"_links":{"self":[{"href":"https:\/\/architive.hu\/en\/wp-json\/wp\/v2\/pages\/6052","targetHints":{"allow":["GET"]}}],"collection":[{"href":"https:\/\/architive.hu\/en\/wp-json\/wp\/v2\/pages"}],"about":[{"href":"https:\/\/architive.hu\/en\/wp-json\/wp\/v2\/types\/page"}],"author":[{"embeddable":true,"href":"https:\/\/architive.hu\/en\/wp-json\/wp\/v2\/users\/1"}],"replies":[{"embeddable":true,"href":"https:\/\/architive.hu\/en\/wp-json\/wp\/v2\/comments?post=6052"}],"version-history":[{"count":0,"href":"https:\/\/architive.hu\/en\/wp-json\/wp\/v2\/pages\/6052\/revisions"}],"wp:attachment":[{"href":"https:\/\/architive.hu\/en\/wp-json\/wp\/v2\/media?parent=6052"}],"curies":[{"name":"wp","href":"https:\/\/api.w.org\/{rel}","templated":true}]}}