{"id":5719,"date":"2021-12-01T08:55:26","date_gmt":"2021-12-01T08:55:26","guid":{"rendered":"https:\/\/architive.hu\/?page_id=5719"},"modified":"2021-12-10T10:27:41","modified_gmt":"2021-12-10T10:27:41","slug":"dijbecslo","status":"publish","type":"page","link":"https:\/\/architive.hu\/en\/dijbecslo\/","title":{"rendered":"D\u00edjbecsl\u0151"},"content":{"rendered":"\t\t<div data-elementor-type=\"wp-page\" data-elementor-id=\"5719\" class=\"elementor elementor-5719\">\n\t\t\t\t\t\t<section class=\"elementor-section elementor-top-section elementor-element elementor-element-4147a8b elementor-section-boxed elementor-section-height-default elementor-section-height-default\" data-id=\"4147a8b\" data-element_type=\"section\" data-e-type=\"section\" data-settings=\"{&quot;jet_parallax_layout_list&quot;:[{&quot;jet_parallax_layout_image&quot;:{&quot;url&quot;:&quot;&quot;,&quot;id&quot;:&quot;&quot;,&quot;size&quot;:&quot;&quot;},&quot;_id&quot;:&quot;0c0e2c8&quot;,&quot;jet_parallax_layout_image_tablet&quot;:{&quot;url&quot;:&quot;&quot;,&quot;id&quot;:&quot;&quot;,&quot;size&quot;:&quot;&quot;},&quot;jet_parallax_layout_image_mobile&quot;:{&quot;url&quot;:&quot;&quot;,&quot;id&quot;:&quot;&quot;,&quot;size&quot;:&quot;&quot;},&quot;jet_parallax_layout_speed&quot;:{&quot;unit&quot;:&quot;%&quot;,&quot;size&quot;:50,&quot;sizes&quot;:[]},&quot;jet_parallax_layout_type&quot;:&quot;scroll&quot;,&quot;jet_parallax_layout_direction&quot;:&quot;1&quot;,&quot;jet_parallax_layout_fx_direction&quot;:null,&quot;jet_parallax_layout_z_index&quot;:&quot;&quot;,&quot;jet_parallax_layout_bg_x&quot;:50,&quot;jet_parallax_layout_bg_x_tablet&quot;:&quot;&quot;,&quot;jet_parallax_layout_bg_x_mobile&quot;:&quot;&quot;,&quot;jet_parallax_layout_bg_y&quot;:50,&quot;jet_parallax_layout_bg_y_tablet&quot;:&quot;&quot;,&quot;jet_parallax_layout_bg_y_mobile&quot;:&quot;&quot;,&quot;jet_parallax_layout_bg_size&quot;:&quot;auto&quot;,&quot;jet_parallax_layout_bg_size_tablet&quot;:&quot;&quot;,&quot;jet_parallax_layout_bg_size_mobile&quot;:&quot;&quot;,&quot;jet_parallax_layout_animation_prop&quot;:&quot;transform&quot;,&quot;jet_parallax_layout_on&quot;:[&quot;desktop&quot;,&quot;tablet&quot;]}]}\">\n\t\t\t\t\t\t<div class=\"elementor-container elementor-column-gap-no\">\n\t\t\t\t\t<div class=\"elementor-column elementor-col-100 elementor-top-column elementor-element elementor-element-61f16d5a ot-flex-column-vertical\" data-id=\"61f16d5a\" data-element_type=\"column\" data-e-type=\"column\">\n\t\t\t<div class=\"elementor-widget-wrap elementor-element-populated\">\n\t\t\t\t\t\t<div class=\"elementor-element elementor-element-9b597ad elementor-widget elementor-widget-spacer\" data-id=\"9b597ad\" data-element_type=\"widget\" data-e-type=\"widget\" data-widget_type=\"spacer.default\">\n\t\t\t\t<div class=\"elementor-widget-container\">\n\t\t\t\t\t\t\t<div class=\"elementor-spacer\">\n\t\t\t<div class=\"elementor-spacer-inner\"><\/div>\n\t\t<\/div>\n\t\t\t\t\t\t<\/div>\n\t\t\t\t<\/div>\n\t\t\t\t<div class=\"elementor-element elementor-element-32f945a elementor-widget elementor-widget-text-editor\" data-id=\"32f945a\" data-element_type=\"widget\" data-e-type=\"widget\" data-widget_type=\"text-editor.default\">\n\t\t\t\t<div class=\"elementor-widget-container\">\n\t\t\t\t\t\t\t\t\t<p><div class=\"frm_forms  with_frm_style frm_style_formidable-style\" id=\"frm_form_2_container\" data-token=\"6fef2535577ef30deb4550502fa90539\">\n<form enctype=\"multipart\/form-data\" method=\"post\" class=\"frm-show-form whitetext frm_pro_form \" id=\"form_simple-mortgage-calculator\" data-token=\"6fef2535577ef30deb4550502fa90539\">\n<div class=\"frm_form_fields \">\n<fieldset>\n<legend class=\"frm_hidden\">Simple Mortgage Calculator<\/legend>\r\n\r\n<div class=\"frm_fields_container\">\n<input type=\"hidden\" name=\"frm_action\" value=\"create\" \/>\n<input type=\"hidden\" name=\"form_id\" value=\"2\" \/>\n<input type=\"hidden\" name=\"frm_hide_fields_2\" id=\"frm_hide_fields_2\" value=\"\" \/>\n<input type=\"hidden\" name=\"form_key\" value=\"simple-mortgage-calculator\" \/>\n<input type=\"hidden\" name=\"item_meta[0]\" value=\"\" \/>\n<input type=\"hidden\" id=\"frm_submit_entry_2\" name=\"frm_submit_entry_2\" value=\"5c549df564\" \/><input type=\"hidden\" name=\"_wp_http_referer\" value=\"\/en\/wp-json\/wp\/v2\/pages\/5719\" \/><div id=\"frm_field_6_container\" class=\"frm_form_field frm_section_heading form-field  frm6 frm_first frm_hide_section whitetext\">\r\n<h3 class=\"frm_pos_none frm_section_spacing\">Input<\/h3>\r\n\r\n\r\n<div id=\"frm_field_19_container\" class=\"frm_form_field form-field  frm_top_container frm12 frm_first whitetext\">\r\n    <label for=\"field_hluoi\" id=\"field_hluoi_label\" class=\"frm_primary_label\">Mekkora a tervezend\u0151 \u00e9p\u00fclet alapter\u00fclete? <span class='tooltipsall tooltip_post_id_custom_848b6f49b7407bd66250a999df9e5b41 classtoolTipsCustomShortCode'><i class=\"fa fa-info-circle\" aria-hidden=\"true\"><\/i><\/span><script type=\"text\/javascript\">jQuery(\"document\").ready(function(){ toolTips('.tooltip_post_id_custom_848b6f49b7407bd66250a999df9e5b41','az \u00e9p\u00fclet falakkal egy\u00fctt sz\u00e1molt ter\u00fclete szintenk\u00e9nt \u00f6sszesen. Fal vastags\u00e1ga \u00e1ltal\u00e1ban 40-45 cm. A teljes tet\u0151t\u00e9rbep\u00edt\u00e9s eset\u00e9n az alatta l\u00e9v\u0151 szint 70%-\u00e1t kell venni.'); });<\/script> \r\n        <span class=\"frm_required\" aria-hidden=\"true\"><\/span>\r\n    <\/label>\r\n    <div class=\"frm_range_container\"><div class=\"frm-text-left\"><span class=\"frm_range_value\">100<\/span><span class=\"frm_range_unit\">m2<\/span><\/div><input  data-sectionid=\"6\"  data-frmval=\"100\" data-invmsg=\"Slider is invalid\" decimal=\"2\" aria-invalid=\"false\"   min=\"100\" max=\"400\" step=\"1\" type=\"range\" id=\"field_hluoi\" name=\"item_meta[19]\" value=\"100\" data-frmrange \/><div class=\"frm_description\"><span class=\"frm_range_min\">100<span class=\"frm_range_unit\">m2<\/span><\/span><span class=\"frm_range_max\">400<span class=\"frm_range_unit\">m2<\/span><\/span><\/div><\/div>\r\n    \r\n    \r\n<\/div>\n<div id=\"frm_field_17_container\" class=\"frm_form_field form-field  frm_top_container frm6 frm_first\">\r\n    <label for=\"field_qg1x8\" id=\"field_qg1x8_label\" class=\"frm_primary_label\">H\u00e1ny szintes az \u00e9p\u00fclet?  <span class='tooltipsall tooltip_post_id_custom_5e14001c9c66aff95d016d417d6657ad classtoolTipsCustomShortCode'><i class=\"fa fa-info-circle\" aria-hidden=\"true\"><\/i><\/span><script type=\"text\/javascript\">jQuery(\"document\").ready(function(){ toolTips('.tooltip_post_id_custom_5e14001c9c66aff95d016d417d6657ad','H\u00e1ny szintes lesz az \u00e9p\u00fclet. Pince \u00e9s tet\u0151t\u00e9rbe\u00e9p\u00edt\u00e9ssel egy\u00fctt.'); });<\/script> \r\n        <span class=\"frm_required\" aria-hidden=\"true\"><\/span>\r\n    <\/label>\r\n    <div class=\"frm_range_container\"><input  data-sectionid=\"6\"  data-frmval=\"1\" data-invmsg=\"Slider is invalid\" aria-invalid=\"false\"   min=\"1\" max=\"3\" step=\"1\" type=\"range\" id=\"field_qg1x8\" name=\"item_meta[17]\" value=\"1\" data-frmrange \/><div class=\"frm-text-center\"><span class=\"frm_range_value\">1<\/span><\/div><\/div>\r\n    \r\n    \r\n<\/div>\n<div id=\"frm_field_18_container\" class=\"frm_form_field form-field  frm_top_container frm6\">\r\n    <label for=\"field_s0xfs\" id=\"field_s0xfs_label\" class=\"frm_primary_label\">Lejt\u0151s a telek? <span class='tooltipsall tooltip_post_id_custom_8600adda480ba5f52cf57b1ce14932cd classtoolTipsCustomShortCode'><i class=\"fa fa-info-circle\" aria-hidden=\"true\"><\/i><\/span><script type=\"text\/javascript\">jQuery(\"document\").ready(function(){ toolTips('.tooltip_post_id_custom_8600adda480ba5f52cf57b1ce14932cd','15% feletti lejt\u00e9s sz\u00e1m\u00edt annak. Amennyiben nincs r\u00f3la m\u00e9g info, \u00e9rdemes mindk\u00e9t opci\u00f3val kisz\u00e1molni a kalkul\u00e1tort, felk\u00e9sz\u00fclv\u00e9n az esetleges t\u00f6bbletk\u00f6lts\u00e9gre.'); });<\/script> \r\n        <span class=\"frm_required\" aria-hidden=\"true\"><\/span>\r\n    <\/label>\r\n    \n<div >\n    <label class=\"frm_switch_block\">\n\t\t\t\t\t<span class=\"frm_off_label frm_switch_opt\">Nem<\/span>\n\t\t\n\t\t<input type=\"checkbox\" name=\"item_meta[18][]\" id=\"field_s0xfs\" value=\"Igen\"\n\t\t\t\t\t\t\t\t\t\tdata-off=\"Nem\"\n\t\t\t\t\t\t data-sectionid=\"6\"  data-invmsg=\"Lejt\u0151s a telek? &lt;span class=&#039;tooltipsall tooltip_post_id_custom_8600adda480ba5f52cf57b1ce14932cd classtoolTipsCustomShortCode&#039;&gt;&lt;i class=&quot;fa fa-info-circle&quot; aria-hidden=&quot;true&quot;&gt;&lt;\/i&gt;&lt;\/span&gt;&lt;script type=&quot;text\/javascript&quot;&gt;jQuery(&quot;document&quot;).ready(function(){ toolTips(&#039;.tooltip_post_id_custom_8600adda480ba5f52cf57b1ce14932cd&#039;,&#039;15% feletti lejt\u00e9s sz\u00e1m\u00edt annak. Amennyiben nincs r\u00f3la m\u00e9g info, \u00e9rdemes mindk\u00e9t opci\u00f3val kisz\u00e1molni a kalkul\u00e1tort, felk\u00e9sz\u00fclv\u00e9n az esetleges t\u00f6bbletk\u00f6lts\u00e9gre.&#039;); });&lt;\/script&gt;  is invalid\" aria-invalid=\"false\"  \t\t\/>\n\n\t\t<span class=\"frm_switch\" tabindex=\"0\" role=\"switch\" aria-labelledby=\"field_s0xfs_label\" aria-checked=\"false\">\n\t\t\t<span class=\"frm_slider\"><\/span>\n\t\t<\/span>\n\n\t\t\t\t\t<span class=\"frm_on_label frm_switch_opt\">Igen<\/span>\n\t<\/label>\n<\/div>\n\r\n    \r\n    \r\n<\/div>\n<\/div>\n<div id=\"frm_field_11_container\" class=\"frm_form_field frm_section_heading form-field  frm6\">\r\n<h3 class=\"frm_pos_top frm_section_spacing\">\u00c9p\u00edt\u00e9sz tervez\u00e9s becs\u00fclt k\u00f6lts\u00e9ge:<\/h3>\r\n\r\n\r\n<div id=\"frm_field_48_container\" class=\"frm_form_field form-field  frm_top_container whitetext frm_currency_huf_style frm_total frm_total_big frm4 frm_first\">\r\n    <label for=\"field_tx7cv\" id=\"field_tx7cv_label\" class=\"frm_primary_label\">\r\n        <span class=\"frm_required\" aria-hidden=\"true\"><\/span>\r\n    <\/label>\r\n    <input  type=\"text\" id=\"field_tx7cv\" name=\"item_meta[48]\" value=\"\"  readonly=\"readonly\"  data-sectionid=\"11\"  data-invmsg=\"Text is invalid\" aria-invalid=\"false\"   \/>\r\n    \r\n    \r\n<\/div>\n<div id=\"frm_field_62_container\" class=\"frm_form_field  frm4 frm_sixth frm_total_big frm_html_container form-field\">\n<h4 class=\"kotojel\" style=\"text-align: center; color:white\">&#8211;<\/h4>\n<\/div>\n<div id=\"frm_field_47_container\" class=\"frm_form_field form-field  frm_top_container frm_currency_huf_style frm_total frm_total_big frm4\">\r\n    <label for=\"field_twcb9\" id=\"field_twcb9_label\" class=\"frm_primary_label\">\r\n        <span class=\"frm_required\" aria-hidden=\"true\"><\/span>\r\n    <\/label>\r\n    <input  type=\"text\" id=\"field_twcb9\" name=\"item_meta[47]\" value=\"\"  readonly=\"readonly\"  data-sectionid=\"11\"  data-invmsg=\"Text is invalid\" aria-invalid=\"false\"   \/>\r\n    \r\n    \r\n<\/div>\n<div id=\"frm_field_51_container\" class=\"frm_form_field form-field  frm_top_container hidden\">\r\n    <label for=\"field_7t4wt\" id=\"field_7t4wt_label\" class=\"frm_primary_label\">Kalkul\u00e1ci\u00f3 lefel\u00e9 kerek\u00edtve\r\n        <span class=\"frm_required\" aria-hidden=\"true\"><\/span>\r\n    <\/label>\r\n    <p class=\"frm_total_formatted\" data-prepend=\"\" data-append=\"\"><\/p><div class=\"frm_with_box frm_hidden\"><input type=\"number\" id=\"field_7t4wt\" name=\"item_meta[51]\" value=\"\" readonly=\"readonly\"  data-sectionid=\"11\"  data-invmsg=\"Number is invalid\" aria-invalid=\"false\"   min=\"0\" max=\"9999999\" step=\"any\" \/><\/div>\r\n    \r\n    \r\n<\/div>\n<div id=\"frm_field_52_container\" class=\"frm_form_field form-field  frm_top_container hidden\">\r\n    <label for=\"field_cofle\" id=\"field_cofle_label\" class=\"frm_primary_label\">Kalkul\u00e1ci\u00f3 felfel\u00e9 kerek\u00edtve\r\n        <span class=\"frm_required\" aria-hidden=\"true\"><\/span>\r\n    <\/label>\r\n    <p class=\"frm_total_formatted\" data-prepend=\"\" data-append=\"\"><\/p><div class=\"frm_with_box frm_hidden\"><input type=\"number\" id=\"field_cofle\" name=\"item_meta[52]\" value=\"\" readonly=\"readonly\"  data-sectionid=\"11\"  data-invmsg=\"Number is invalid\" aria-invalid=\"false\"   min=\"0\" max=\"9999999\" step=\"any\" \/><\/div>\r\n    \r\n    \r\n<\/div>\n<div id=\"frm_field_49_container\" class=\"frm_form_field form-field  frm_top_container frm_currency_huf_style frm_total frm_total_big frm4 frm_first\">\r\n    <label for=\"field_kfvgp\" id=\"field_kfvgp_label\" class=\"frm_primary_label\">\r\n        <span class=\"frm_required\" aria-hidden=\"true\"><\/span>\r\n    <\/label>\r\n    <input  type=\"text\" id=\"field_kfvgp\" name=\"item_meta[49]\" value=\"\"  readonly=\"readonly\"  data-sectionid=\"11\"  data-invmsg=\"Text is invalid\" aria-invalid=\"false\"   \/>\r\n    \r\n    \r\n<\/div>\n<div id=\"frm_field_63_container\" class=\"frm_form_field  frm4 frm_sixth frm_total_big frm_html_container form-field\">\n<h4 class=\"kotojel\" style=\"text-align: center; color:white\">&#8211;<\/h4>\n<\/div>\n<div id=\"frm_field_50_container\" class=\"frm_form_field form-field  frm_top_container frm_currency_huf_style frm_total frm_total_big frm4\">\r\n    <label for=\"field_9385i\" id=\"field_9385i_label\" class=\"frm_primary_label\">\r\n        <span class=\"frm_required\" aria-hidden=\"true\"><\/span>\r\n    <\/label>\r\n    <input  type=\"text\" id=\"field_9385i\" name=\"item_meta[50]\" value=\"\"  readonly=\"readonly\"  data-sectionid=\"11\"  data-invmsg=\"Text is invalid\" aria-invalid=\"false\"   \/>\r\n    \r\n    \r\n<\/div>\n<div id=\"frm_field_54_container\" class=\"frm_form_field form-field  frm_top_container frm_currency_huf_style frm_total frm_total_big frm4 frm_first\">\r\n    <label for=\"field_g1til\" id=\"field_g1til_label\" class=\"frm_primary_label\">\r\n        <span class=\"frm_required\" aria-hidden=\"true\"><\/span>\r\n    <\/label>\r\n    <input  type=\"text\" id=\"field_g1til\" name=\"item_meta[54]\" value=\"\"  readonly=\"readonly\"  data-sectionid=\"11\"  data-invmsg=\"Text is invalid\" aria-invalid=\"false\"   \/>\r\n    \r\n    \r\n<\/div>\n<div id=\"frm_field_64_container\" class=\"frm_form_field  frm4 frm_sixth frm_total_big frm_html_container form-field\">\n<h4 class=\"kotojel\" style=\"text-align: center; color:white\">&#8211;<\/h4>\n<\/div>\n<div id=\"frm_field_53_container\" class=\"frm_form_field form-field  frm_top_container frm_currency_huf_style frm_total frm_total_big frm4\">\r\n    <label for=\"field_tgji3\" id=\"field_tgji3_label\" class=\"frm_primary_label\">\r\n        <span class=\"frm_required\" aria-hidden=\"true\"><\/span>\r\n    <\/label>\r\n    <input  type=\"text\" id=\"field_tgji3\" name=\"item_meta[53]\" value=\"\"  readonly=\"readonly\"  data-sectionid=\"11\"  data-invmsg=\"Text is invalid\" aria-invalid=\"false\"   \/>\r\n    \r\n    \r\n<\/div>\n<div id=\"frm_field_55_container\" class=\"frm_form_field form-field  frm_top_container frm_currency_huf_style frm_total frm_total_big frm4 frm_first\">\r\n    <label for=\"field_4vux9\" id=\"field_4vux9_label\" class=\"frm_primary_label\">\r\n        <span class=\"frm_required\" aria-hidden=\"true\"><\/span>\r\n    <\/label>\r\n    <input  type=\"text\" id=\"field_4vux9\" name=\"item_meta[55]\" value=\"\"  readonly=\"readonly\"  data-sectionid=\"11\"  data-invmsg=\"Text is invalid\" aria-invalid=\"false\"   \/>\r\n    \r\n    \r\n<\/div>\n<div id=\"frm_field_65_container\" class=\"frm_form_field  frm4 frm_sixth frm_total_big frm_html_container form-field\">\n<h4 class=\"kotojel\" style=\"text-align: center; color:white\">&#8211;<\/h4>\n<\/div>\n<div id=\"frm_field_56_container\" class=\"frm_form_field form-field  frm_top_container frm_currency_huf_style frm_total frm_total_big frm4\">\r\n    <label for=\"field_vvyvo\" id=\"field_vvyvo_label\" class=\"frm_primary_label\">\r\n        <span class=\"frm_required\" aria-hidden=\"true\"><\/span>\r\n    <\/label>\r\n    <input  type=\"text\" id=\"field_vvyvo\" name=\"item_meta[56]\" value=\"\"  readonly=\"readonly\"  data-sectionid=\"11\"  data-invmsg=\"Text is invalid\" aria-invalid=\"false\"   \/>\r\n    \r\n    \r\n<\/div>\n<div id=\"frm_field_58_container\" class=\"frm_form_field form-field  frm_top_container frm_currency_huf_style frm_total frm_total_big frm4 frm_first\">\r\n    <label for=\"field_xdbqr\" id=\"field_xdbqr_label\" class=\"frm_primary_label\">\r\n        <span class=\"frm_required\" aria-hidden=\"true\"><\/span>\r\n    <\/label>\r\n    <input  type=\"text\" id=\"field_xdbqr\" name=\"item_meta[58]\" value=\"\"  readonly=\"readonly\"  data-sectionid=\"11\"  data-invmsg=\"Text is invalid\" aria-invalid=\"false\"   \/>\r\n    \r\n    \r\n<\/div>\n<div id=\"frm_field_66_container\" class=\"frm_form_field  frm4 frm_sixth frm_total_big frm_html_container form-field\">\n<h4 class=\"kotojel\" style=\"text-align: center; color:white\">&#8211;<\/h4>\n<\/div>\n<div id=\"frm_field_57_container\" class=\"frm_form_field form-field  frm_top_container frm_currency_huf_style frm_total frm_total_big frm4\">\r\n    <label for=\"field_kdr92\" id=\"field_kdr92_label\" class=\"frm_primary_label\">\r\n        <span class=\"frm_required\" aria-hidden=\"true\"><\/span>\r\n    <\/label>\r\n    <input  type=\"text\" id=\"field_kdr92\" name=\"item_meta[57]\" value=\"\"  readonly=\"readonly\"  data-sectionid=\"11\"  data-invmsg=\"Text is invalid\" aria-invalid=\"false\"   \/>\r\n    \r\n    \r\n<\/div>\n<div id=\"frm_field_59_container\" class=\"frm_form_field form-field  frm_top_container frm_currency_huf_style frm_total frm_total_big frm4 frm_first\">\r\n    <label for=\"field_qgght\" id=\"field_qgght_label\" class=\"frm_primary_label\">\r\n        <span class=\"frm_required\" aria-hidden=\"true\"><\/span>\r\n    <\/label>\r\n    <input  type=\"text\" id=\"field_qgght\" name=\"item_meta[59]\" value=\"\"  readonly=\"readonly\"  data-sectionid=\"11\"  data-invmsg=\"Text is invalid\" aria-invalid=\"false\"   \/>\r\n    \r\n    \r\n<\/div>\n<div id=\"frm_field_67_container\" class=\"frm_form_field  frm4 frm_sixth frm_total_big frm_html_container form-field\">\n<h4 class=\"kotojel\" style=\"text-align: center; color:white\">&#8211;<\/h4>\n<\/div>\n<div id=\"frm_field_60_container\" class=\"frm_form_field form-field  frm_top_container frm_currency_huf_style frm_total frm_total_big frm4\">\r\n    <label for=\"field_yrst3\" id=\"field_yrst3_label\" class=\"frm_primary_label\">\r\n        <span class=\"frm_required\" aria-hidden=\"true\"><\/span>\r\n    <\/label>\r\n    <input  type=\"text\" id=\"field_yrst3\" name=\"item_meta[60]\" value=\"\"  readonly=\"readonly\"  data-sectionid=\"11\"  data-invmsg=\"Text is invalid\" aria-invalid=\"false\"   \/>\r\n    \r\n    \r\n<\/div>\n<\/div>\n<div id=\"frm_field_41_container\" class=\"frm_form_field  frm_html_container form-field\"><\/div>\n\t\t<input  type=\"hidden\" name=\"item_meta[30]\" id=\"field_ai2le\" value=\"1\"  data-frmval=\"1\"   \/>\n\t\t<div id=\"frm_field_40_container\" class=\"frm_form_field  frm12 frm_html_container form-field\">\n<p style=\"text-align: justify;\">Az \u00e1rak nett\u00f3 \u00e9rt\u00e9kek tov\u00e1bb\u00e1 t\u00e1j\u00e9koztat\u00f3 jelleg\u0171ek.\u00a0<b>400 m2 feletti \u00e9p\u00fclet eset\u00e9n<\/b>, illetve r\u00e9szletes \u00e9s pontos \u00e1raj\u00e1nlat\u00e9rt vegye fel vel\u00fcnk a kapcsolatot.<\/p>\n<p>Szak\u00e1gi tervek d\u00edja f\u00fcgg a tart\u00f3szerkezet anyag\u00e1t\u00f3l a g\u00e9p\u00e9szeti rendszerek komplexit\u00e1s\u00e1t\u00f3l.<\/p>\n<p>Tart\u00f3szerkezeti munkar\u00e9sz d\u00edja 180.000 Ft + \u00c1FA\u2013t\u00f3l.<\/p>\n<p>G\u00e9p\u00e9szeti \u00e9s \u00e9p\u00fcletvillamoss\u00e1gi rendszerle\u00edr\u00e1s d\u00edja energetikai sz\u00e1m\u00edt\u00e1ssal 150.000 Ft + \u00c1FA-t\u00f3l<\/p>\n<p>F\u00f6ldm\u00e9r\u0151 munkad\u00edja 100.000 Ft +\u00c1FA-t\u00f3l<\/p>\n<p>Sz\u00fcks\u00e9g eset\u00e9n talajmechanikai vizsg\u00e1latra, t\u0171zv\u00e9delmi m\u0171szaki le\u00edr\u00e1sra, kert\u00e9p\u00edt\u00e9szeti tervre egyedi \u00e1raj\u00e1nlat k\u00e9sz\u00fcl.<\/p>\n<\/div>\n\t\t<input  type=\"hidden\" name=\"item_meta[29]\" id=\"field_lc8sf\" value=\"1.05\"  data-frmval=\"1.05\"   \/>\n\t\t<div id=\"frm_field_61_container\" class=\"frm_form_field  frm_html_container form-field\"><\/div>\n<div id=\"frm_field_5993_container\" class=\"frm_form_field form-field \">\n\t<div class=\"frm_submit\">\r\n\r\n<button class=\"frm_button_submit frm_final_submit\" type=\"submit\"  >Aj\u00e1nlatot k\u00e9rek<\/button>\r\n\r\n<\/div>\n<\/div>\n\t<input type=\"hidden\" name=\"item_key\" value=\"\" \/>\n\t\t\t<div id=\"frm_field_5994_container\">\n\t\t\t<label for=\"field_txbdy\" >\n\t\t\t\tIf you are human, leave this field blank.\t\t\t<\/label>\n\t\t\t<input  id=\"field_txbdy\" type=\"text\" class=\"frm_form_field form-field frm_verify\" name=\"item_meta[5994]\" value=\"\"  \/>\n\t\t<\/div>\n\t\t<input name=\"frm_state\" type=\"hidden\" value=\"N+NKCmwq1eMcEMoijn1rW4Gb26ppJ7EOF0Jtl3kL3J6pGHdjDZNehifMyESXEXHs\" \/><script type=\"text\/javascript\">\r\njQuery(document).ready(function ($) {\r\n    $('.frm_currency_huf_style input').change(function () { \r\n        var val = this.value;\r\n        if (typeof val == 'undefined' || isNaN(val) || val == '') {\r\n            this.value = 0;\r\n        } else {\r\n            this.value = parseFloat(val).toLocaleString('hu-HU', { style: 'currency', currency: 'HUF', minimumFractionDigits: 0, maximumFractionDigits:0 });\r\n        }\r\n    });\r\n});\r\n<\/script>\r\n<\/div>\n<\/fieldset>\n<\/div>\n\n<\/form>\n<\/div>\n<\/p>\t\t\t\t\t\t\t\t<\/div>\n\t\t\t\t<\/div>\n\t\t\t\t\t<\/div>\n\t\t<\/div>\n\t\t\t\t\t<\/div>\n\t\t<\/section>\n\t\t\t\t<\/div>\n\t\t<script type=\"text\/javascript\"> toolTips('.classtoolTips0','az \u00e9p\u00fclet falakkal egy\u00fctt sz\u00e1molt ter\u00fclete szintenk\u00e9nt \u00f6sszesen. Fal vastags\u00e1ga \u00e1ltal\u00e1ban 40-45 cm. A teljes tet\u0151t\u00e9rbep\u00edt\u00e9s eset\u00e9n az alatta l\u00e9v\u0151 szint 70%-\u00e1t kell venni.'); <\/script><script type=\"text\/javascript\"> toolTips('.classtoolTips1','H\u00e1ny szintes lesz az \u00e9p\u00fclet. Pince \u00e9s tet\u0151t\u00e9rbe\u00e9p\u00edt\u00e9ssel egy\u00fctt.'); <\/script><script type=\"text\/javascript\"> toolTips('.classtoolTips2','15% feletti lejt\u00e9s sz\u00e1m\u00edt annak. Amennyiben nincs r\u00f3la m\u00e9g info, \u00e9rdemes mindk\u00e9t opci\u00f3val kisz\u00e1molni a kalkul\u00e1tort, felk\u00e9sz\u00fclv\u00e9n az esetleges t\u00f6bbletk\u00f6lts\u00e9gre.'); <\/script><script type=\"text\/javascript\"> toolTips('.classtoolTips3','Skiccek, v\u00e1zlatok, referencia vagy inspir\u00e1ci\u00f3s k\u00e9pek az internetr\u0151l vagy a honlapunkr\u00f3l.'); <\/script>","protected":false},"excerpt":{"rendered":"","protected":false},"author":1,"featured_media":0,"parent":0,"menu_order":0,"comment_status":"closed","ping_status":"closed","template":"","meta":{"itsec_x_frame_options":"","footnotes":""},"class_list":["post-5719","page","type-page","status-publish","hentry"],"_links":{"self":[{"href":"https:\/\/architive.hu\/en\/wp-json\/wp\/v2\/pages\/5719","targetHints":{"allow":["GET"]}}],"collection":[{"href":"https:\/\/architive.hu\/en\/wp-json\/wp\/v2\/pages"}],"about":[{"href":"https:\/\/architive.hu\/en\/wp-json\/wp\/v2\/types\/page"}],"author":[{"embeddable":true,"href":"https:\/\/architive.hu\/en\/wp-json\/wp\/v2\/users\/1"}],"replies":[{"embeddable":true,"href":"https:\/\/architive.hu\/en\/wp-json\/wp\/v2\/comments?post=5719"}],"version-history":[{"count":0,"href":"https:\/\/architive.hu\/en\/wp-json\/wp\/v2\/pages\/5719\/revisions"}],"wp:attachment":[{"href":"https:\/\/architive.hu\/en\/wp-json\/wp\/v2\/media?parent=5719"}],"curies":[{"name":"wp","href":"https:\/\/api.w.org\/{rel}","templated":true}]}}