{"id":5247,"date":"2021-11-24T10:36:19","date_gmt":"2021-11-24T10:36:19","guid":{"rendered":"https:\/\/architive.hu\/?page_id=5247"},"modified":"2022-10-05T16:05:12","modified_gmt":"2022-10-05T16:05:12","slug":"szaktanacsadas","status":"publish","type":"page","link":"https:\/\/architive.hu\/en\/szolgaltatasaink\/szaktanacsadas\/","title":{"rendered":"Professional Consulting"},"content":{"rendered":"\t\t<div data-elementor-type=\"wp-page\" data-elementor-id=\"5247\" class=\"elementor elementor-5247\">\n\t\t\t\t\t\t<section class=\"elementor-section elementor-top-section elementor-element elementor-element-8807e2c elementor-reverse-tablet elementor-reverse-mobile elementor-section-boxed elementor-section-height-default elementor-section-height-default\" data-id=\"8807e2c\" data-element_type=\"section\" data-e-type=\"section\" data-settings=\"{&quot;jet_parallax_layout_list&quot;:[{&quot;jet_parallax_layout_image&quot;:{&quot;url&quot;:&quot;&quot;,&quot;id&quot;:&quot;&quot;,&quot;size&quot;:&quot;&quot;},&quot;_id&quot;:&quot;6c41aa8&quot;,&quot;jet_parallax_layout_image_tablet&quot;:{&quot;url&quot;:&quot;&quot;,&quot;id&quot;:&quot;&quot;,&quot;size&quot;:&quot;&quot;},&quot;jet_parallax_layout_image_mobile&quot;:{&quot;url&quot;:&quot;&quot;,&quot;id&quot;:&quot;&quot;,&quot;size&quot;:&quot;&quot;},&quot;jet_parallax_layout_speed&quot;:{&quot;unit&quot;:&quot;%&quot;,&quot;size&quot;:50,&quot;sizes&quot;:[]},&quot;jet_parallax_layout_type&quot;:&quot;scroll&quot;,&quot;jet_parallax_layout_direction&quot;:&quot;1&quot;,&quot;jet_parallax_layout_fx_direction&quot;:null,&quot;jet_parallax_layout_z_index&quot;:&quot;&quot;,&quot;jet_parallax_layout_bg_x&quot;:50,&quot;jet_parallax_layout_bg_x_tablet&quot;:&quot;&quot;,&quot;jet_parallax_layout_bg_x_mobile&quot;:&quot;&quot;,&quot;jet_parallax_layout_bg_y&quot;:50,&quot;jet_parallax_layout_bg_y_tablet&quot;:&quot;&quot;,&quot;jet_parallax_layout_bg_y_mobile&quot;:&quot;&quot;,&quot;jet_parallax_layout_bg_size&quot;:&quot;auto&quot;,&quot;jet_parallax_layout_bg_size_tablet&quot;:&quot;&quot;,&quot;jet_parallax_layout_bg_size_mobile&quot;:&quot;&quot;,&quot;jet_parallax_layout_animation_prop&quot;:&quot;transform&quot;,&quot;jet_parallax_layout_on&quot;:[&quot;desktop&quot;,&quot;tablet&quot;]}]}\">\n\t\t\t\t\t\t<div class=\"elementor-container elementor-column-gap-extended\">\n\t\t\t\t\t<div class=\"elementor-column elementor-col-50 elementor-top-column elementor-element elementor-element-1633759 ot-flex-column-vertical\" data-id=\"1633759\" data-element_type=\"column\" data-e-type=\"column\">\n\t\t\t<div class=\"elementor-widget-wrap elementor-element-populated\">\n\t\t\t\t\t\t<div class=\"elementor-element elementor-element-f159f56 widget-area elementor-widget elementor-widget-sidebar\" data-id=\"f159f56\" data-element_type=\"widget\" data-e-type=\"widget\" data-widget_type=\"sidebar.default\">\n\t\t\t\t<div class=\"elementor-widget-container\">\n\t\t\t\t\t<section id=\"nav_menu-1\" class=\"widget widget_nav_menu\"><div class=\"menu-menu-service-container\"><ul id=\"menu-menu-service\" class=\"menu\"><li id=\"menu-item-2924\" class=\"menu-item menu-item-type-post_type menu-item-object-page menu-item-2924\"><a href=\"https:\/\/architive.hu\/en\/szolgaltatasaink\/generaltervezes\/\" data-ps2id-api=\"true\">01. Gener\u00e1ltervez\u00e9s<\/a><\/li>\n<li id=\"menu-item-5261\" class=\"menu-item menu-item-type-post_type menu-item-object-page menu-item-5261\"><a href=\"https:\/\/architive.hu\/en\/szolgaltatasaink\/epiteszeti-felmeres\/\" data-ps2id-api=\"true\">02. Felm\u00e9r\u00e9s<\/a><\/li>\n<li id=\"menu-item-5262\" class=\"menu-item menu-item-type-post_type menu-item-object-page menu-item-5262\"><a href=\"https:\/\/architive.hu\/en\/szolgaltatasaink\/latvanytervezes\/\" data-ps2id-api=\"true\">03. L\u00e1tv\u00e1nytervez\u00e9s<\/a><\/li>\n<li id=\"menu-item-5263\" class=\"menu-item menu-item-type-post_type menu-item-object-page menu-item-5263\"><a href=\"https:\/\/architive.hu\/en\/szolgaltatasaink\/kivitelezes\/\" data-ps2id-api=\"true\">04. Kivitelez\u00e9s<\/a><\/li>\n<li id=\"menu-item-5264\" class=\"menu-item menu-item-type-post_type menu-item-object-page menu-item-5264\"><a href=\"https:\/\/architive.hu\/en\/szolgaltatasaink\/szaktanacsadas\/\" data-ps2id-api=\"true\">05. Szaktan\u00e1csad\u00e1s<\/a><\/li>\n<li id=\"menu-item-6568\" class=\"menu-item menu-item-type-post_type menu-item-object-page menu-item-6568\"><a href=\"https:\/\/architive.hu\/en\/szolgaltatasaink\/telepuleskepi-bejelentes\/\" data-ps2id-api=\"true\">06. Telep\u00fcl\u00e9sk\u00e9pi bejelent\u00e9s<\/a><\/li>\n<\/ul><\/div><\/section>\t\t\t\t<\/div>\n\t\t\t\t<\/div>\n\t\t\t\t\t<\/div>\n\t\t<\/div>\n\t\t\t\t<div class=\"elementor-column elementor-col-50 elementor-top-column elementor-element elementor-element-5716d59 ot-flex-column-vertical\" data-id=\"5716d59\" data-element_type=\"column\" data-e-type=\"column\">\n\t\t\t<div class=\"elementor-widget-wrap elementor-element-populated\">\n\t\t\t\t\t\t<div class=\"elementor-element elementor-element-3719cf2 elementor-widget elementor-widget-iheading\" data-id=\"3719cf2\" data-element_type=\"widget\" data-e-type=\"widget\" data-widget_type=\"iheading.default\">\n\t\t\t\t<div class=\"elementor-widget-container\">\n\t\t\t\t\t\t\t<div class=\"ot-heading \">\r\n\t        <span>[ szolg\u00e1ltat\u00e1sok ]<\/span>\t        <h2 class=\"main-heading\">Szaktan\u00e1csad\u00e1s<\/h2>\t    <\/div>\r\n\t    \t\t\t\t<\/div>\n\t\t\t\t<\/div>\n\t\t\t\t<div class=\"elementor-element elementor-element-e145324 elementor-widget elementor-widget-text-editor\" data-id=\"e145324\" data-element_type=\"widget\" data-e-type=\"widget\" data-widget_type=\"text-editor.default\">\n\t\t\t\t<div class=\"elementor-widget-container\">\n\t\t\t\t\t\t\t\t\t<p>A szolg\u00e1ltat\u00e1st az al\u00e1bbi \u00fcgyfeleinknek aj\u00e1nljuk:<\/p><ul><li>akiknek hat\u00e1rozott elk\u00e9pzel\u00e9seik vannak \u00e1lmaik otthon\u00e1r\u00f3l vagy tervezend\u0151 \u00e9p\u00fclet\u00fckr\u0151l, de nem v\u00e1s\u00e1rolt\u00e1k meg a telket<\/li><li>akiknek megvan m\u00e1r a telk\u00fck, de szint\u00e9n hat\u00e1rozott ig\u00e9nyekkel \u00e1llnak neki a tervez\u00e9snek \u00e9s hajland\u00f3ak m\u00e1sik telekben gondolkodni, amennyiben az ingatlanjuk nem felel meg az elv\u00e1r\u00e1soknak<\/li><li>akik megl\u00e9v\u0151 \u00e9p\u00fclet\u00fck b\u0151v\u00edt\u00e9s\u00e9nek lehet\u0151s\u00e9geir\u0151l szeretn\u00e9nek inform\u00e1ci\u00f3t kapni<\/li><\/ul>\t\t\t\t\t\t\t\t<\/div>\n\t\t\t\t<\/div>\n\t\t\t\t<div class=\"elementor-element elementor-element-222a3f1 elementor-align-center elementor-widget__width-initial elementor-widget elementor-widget-button\" data-id=\"222a3f1\" data-element_type=\"widget\" data-e-type=\"widget\" data-widget_type=\"button.default\">\n\t\t\t\t<div class=\"elementor-widget-container\">\n\t\t\t\t\t\t\t\t\t<div class=\"elementor-button-wrapper\">\n\t\t\t\t\t<a class=\"elementor-button elementor-button-link elementor-size-lg\" href=\"https:\/\/architive.hu\/kapcsolat\/\">\n\t\t\t\t\t\t<span class=\"elementor-button-content-wrapper\">\n\t\t\t\t\t\t<span class=\"elementor-button-icon\">\n\t\t\t\t<i aria-hidden=\"true\" class=\"far fa-edit\"><\/i>\t\t\t<\/span>\n\t\t\t\t\t\t\t\t\t<span class=\"elementor-button-text\">Aj\u00e1nlatot k\u00e9rek!<\/span>\n\t\t\t\t\t<\/span>\n\t\t\t\t\t<\/a>\n\t\t\t\t<\/div>\n\t\t\t\t\t\t\t\t<\/div>\n\t\t\t\t<\/div>\n\t\t\t\t\t<\/div>\n\t\t<\/div>\n\t\t\t\t\t<\/div>\n\t\t<\/section>\n\t\t\t\t<\/div>\n\t\t","protected":false},"excerpt":{"rendered":"<p>[ szolg\u00e1ltat\u00e1sok ] Szaktan\u00e1csad\u00e1s A szolg\u00e1ltat\u00e1st az al\u00e1bbi \u00fcgyfeleinknek aj\u00e1nljuk: akiknek hat\u00e1rozott elk\u00e9pzel\u00e9seik vannak \u00e1lmaik otthon\u00e1r\u00f3l vagy tervezend\u0151 \u00e9p\u00fclet\u00fckr\u0151l, de nem v\u00e1s\u00e1rolt\u00e1k meg a telket akiknek megvan m\u00e1r a telk\u00fck, de szint\u00e9n hat\u00e1rozott ig\u00e9nyekkel \u00e1llnak neki a tervez\u00e9snek \u00e9s hajland\u00f3ak m\u00e1sik telekben gondolkodni, amennyiben az ingatlanjuk nem felel meg az elv\u00e1r\u00e1soknak akik megl\u00e9v\u0151 \u00e9p\u00fclet\u00fck b\u0151v\u00edt\u00e9s\u00e9nek [&hellip;]<\/p>\n","protected":false},"author":1,"featured_media":5349,"parent":2405,"menu_order":0,"comment_status":"closed","ping_status":"closed","template":"","meta":{"itsec_x_frame_options":"","footnotes":""},"class_list":["post-5247","page","type-page","status-publish","has-post-thumbnail","hentry"],"_links":{"self":[{"href":"https:\/\/architive.hu\/en\/wp-json\/wp\/v2\/pages\/5247","targetHints":{"allow":["GET"]}}],"collection":[{"href":"https:\/\/architive.hu\/en\/wp-json\/wp\/v2\/pages"}],"about":[{"href":"https:\/\/architive.hu\/en\/wp-json\/wp\/v2\/types\/page"}],"author":[{"embeddable":true,"href":"https:\/\/architive.hu\/en\/wp-json\/wp\/v2\/users\/1"}],"replies":[{"embeddable":true,"href":"https:\/\/architive.hu\/en\/wp-json\/wp\/v2\/comments?post=5247"}],"version-history":[{"count":0,"href":"https:\/\/architive.hu\/en\/wp-json\/wp\/v2\/pages\/5247\/revisions"}],"up":[{"embeddable":true,"href":"https:\/\/architive.hu\/en\/wp-json\/wp\/v2\/pages\/2405"}],"wp:featuredmedia":[{"embeddable":true,"href":"https:\/\/architive.hu\/en\/wp-json\/wp\/v2\/media\/5349"}],"wp:attachment":[{"href":"https:\/\/architive.hu\/en\/wp-json\/wp\/v2\/media?parent=5247"}],"curies":[{"name":"wp","href":"https:\/\/api.w.org\/{rel}","templated":true}]}}