{"id":5246,"date":"2021-11-24T10:36:07","date_gmt":"2021-11-24T10:36:07","guid":{"rendered":"https:\/\/architive.hu\/?page_id=5246"},"modified":"2024-03-08T13:11:12","modified_gmt":"2024-03-08T13:11:12","slug":"kivitelezes","status":"publish","type":"page","link":"https:\/\/architive.hu\/en\/szolgaltatasaink\/kivitelezes\/","title":{"rendered":"Contracting"},"content":{"rendered":"\t\t<div data-elementor-type=\"wp-page\" data-elementor-id=\"5246\" class=\"elementor elementor-5246\">\n\t\t\t\t\t\t<section class=\"elementor-section elementor-top-section elementor-element elementor-element-8807e2c elementor-reverse-tablet elementor-reverse-mobile elementor-section-boxed elementor-section-height-default elementor-section-height-default\" data-id=\"8807e2c\" data-element_type=\"section\" data-e-type=\"section\" data-settings=\"{&quot;jet_parallax_layout_list&quot;:[{&quot;jet_parallax_layout_image&quot;:{&quot;url&quot;:&quot;&quot;,&quot;id&quot;:&quot;&quot;,&quot;size&quot;:&quot;&quot;},&quot;_id&quot;:&quot;6c41aa8&quot;,&quot;jet_parallax_layout_image_tablet&quot;:{&quot;url&quot;:&quot;&quot;,&quot;id&quot;:&quot;&quot;,&quot;size&quot;:&quot;&quot;},&quot;jet_parallax_layout_image_mobile&quot;:{&quot;url&quot;:&quot;&quot;,&quot;id&quot;:&quot;&quot;,&quot;size&quot;:&quot;&quot;},&quot;jet_parallax_layout_speed&quot;:{&quot;unit&quot;:&quot;%&quot;,&quot;size&quot;:50,&quot;sizes&quot;:[]},&quot;jet_parallax_layout_type&quot;:&quot;scroll&quot;,&quot;jet_parallax_layout_direction&quot;:&quot;1&quot;,&quot;jet_parallax_layout_fx_direction&quot;:null,&quot;jet_parallax_layout_z_index&quot;:&quot;&quot;,&quot;jet_parallax_layout_bg_x&quot;:50,&quot;jet_parallax_layout_bg_x_tablet&quot;:&quot;&quot;,&quot;jet_parallax_layout_bg_x_mobile&quot;:&quot;&quot;,&quot;jet_parallax_layout_bg_y&quot;:50,&quot;jet_parallax_layout_bg_y_tablet&quot;:&quot;&quot;,&quot;jet_parallax_layout_bg_y_mobile&quot;:&quot;&quot;,&quot;jet_parallax_layout_bg_size&quot;:&quot;auto&quot;,&quot;jet_parallax_layout_bg_size_tablet&quot;:&quot;&quot;,&quot;jet_parallax_layout_bg_size_mobile&quot;:&quot;&quot;,&quot;jet_parallax_layout_animation_prop&quot;:&quot;transform&quot;,&quot;jet_parallax_layout_on&quot;:[&quot;desktop&quot;,&quot;tablet&quot;]}]}\">\n\t\t\t\t\t\t<div class=\"elementor-container elementor-column-gap-extended\">\n\t\t\t\t\t<div class=\"elementor-column elementor-col-50 elementor-top-column elementor-element elementor-element-1633759 ot-flex-column-vertical\" data-id=\"1633759\" data-element_type=\"column\" data-e-type=\"column\">\n\t\t\t<div class=\"elementor-widget-wrap elementor-element-populated\">\n\t\t\t\t\t\t<div class=\"elementor-element elementor-element-f159f56 widget-area elementor-widget elementor-widget-sidebar\" data-id=\"f159f56\" data-element_type=\"widget\" data-e-type=\"widget\" data-widget_type=\"sidebar.default\">\n\t\t\t\t<div class=\"elementor-widget-container\">\n\t\t\t\t\t<section id=\"nav_menu-1\" class=\"widget widget_nav_menu\"><div class=\"menu-menu-service-container\"><ul id=\"menu-menu-service\" class=\"menu\"><li id=\"menu-item-2924\" class=\"menu-item menu-item-type-post_type menu-item-object-page menu-item-2924\"><a href=\"https:\/\/architive.hu\/en\/szolgaltatasaink\/generaltervezes\/\" data-ps2id-api=\"true\">01. Gener\u00e1ltervez\u00e9s<\/a><\/li>\n<li id=\"menu-item-5261\" class=\"menu-item menu-item-type-post_type menu-item-object-page menu-item-5261\"><a href=\"https:\/\/architive.hu\/en\/szolgaltatasaink\/epiteszeti-felmeres\/\" data-ps2id-api=\"true\">02. Felm\u00e9r\u00e9s<\/a><\/li>\n<li id=\"menu-item-5262\" class=\"menu-item menu-item-type-post_type menu-item-object-page menu-item-5262\"><a href=\"https:\/\/architive.hu\/en\/szolgaltatasaink\/latvanytervezes\/\" data-ps2id-api=\"true\">03. L\u00e1tv\u00e1nytervez\u00e9s<\/a><\/li>\n<li id=\"menu-item-5263\" class=\"menu-item menu-item-type-post_type menu-item-object-page menu-item-5263\"><a href=\"https:\/\/architive.hu\/en\/szolgaltatasaink\/kivitelezes\/\" data-ps2id-api=\"true\">04. Kivitelez\u00e9s<\/a><\/li>\n<li id=\"menu-item-5264\" class=\"menu-item menu-item-type-post_type menu-item-object-page menu-item-5264\"><a href=\"https:\/\/architive.hu\/en\/szolgaltatasaink\/szaktanacsadas\/\" data-ps2id-api=\"true\">05. Szaktan\u00e1csad\u00e1s<\/a><\/li>\n<li id=\"menu-item-6568\" class=\"menu-item menu-item-type-post_type menu-item-object-page menu-item-6568\"><a href=\"https:\/\/architive.hu\/en\/szolgaltatasaink\/telepuleskepi-bejelentes\/\" data-ps2id-api=\"true\">06. Telep\u00fcl\u00e9sk\u00e9pi bejelent\u00e9s<\/a><\/li>\n<\/ul><\/div><\/section>\t\t\t\t<\/div>\n\t\t\t\t<\/div>\n\t\t\t\t\t<\/div>\n\t\t<\/div>\n\t\t\t\t<div class=\"elementor-column elementor-col-50 elementor-top-column elementor-element elementor-element-5716d59 ot-flex-column-vertical\" data-id=\"5716d59\" data-element_type=\"column\" data-e-type=\"column\">\n\t\t\t<div class=\"elementor-widget-wrap elementor-element-populated\">\n\t\t\t\t\t\t<div class=\"elementor-element elementor-element-3719cf2 elementor-widget elementor-widget-iheading\" data-id=\"3719cf2\" data-element_type=\"widget\" data-e-type=\"widget\" data-widget_type=\"iheading.default\">\n\t\t\t\t<div class=\"elementor-widget-container\">\n\t\t\t\t\t\t\t<div class=\"ot-heading \">\r\n\t        <span>[ szolg\u00e1ltat\u00e1sok ]<\/span>\t        <h2 class=\"main-heading\">Kivitelez\u00e9s<\/h2>\t    <\/div>\r\n\t    \t\t\t\t<\/div>\n\t\t\t\t<\/div>\n\t\t\t\t<div class=\"elementor-element elementor-element-e145324 elementor-widget elementor-widget-text-editor\" data-id=\"e145324\" data-element_type=\"widget\" data-e-type=\"widget\" data-widget_type=\"text-editor.default\">\n\t\t\t\t<div class=\"elementor-widget-container\">\n\t\t\t\t\t\t\t\t\t<p>Lehet\u0151s\u00e9get ny\u00fajtunk saj\u00e1t terveink megval\u00f3s\u00edt\u00e1s\u00e1ra, hab\u00e1r ezen szolg\u00e1ltat\u00e1sunk bizonyos felt\u00e9telekhez k\u00f6t\u00f6tt:<\/p><ul><li>Koll\u00e9g\u00e1ink \u00e9s szakembereink csak Budapest \u00e9s k\u00f6zvetlen vonz\u00e1sk\u00f6rzet\u00e9ben tudnak v\u00e1llalni megb\u00edz\u00e1st.<\/li><li>Kiz\u00e1r\u00f3lag saj\u00e1t enged\u00e9lyezett terveinket v\u00e1llaljuk.<\/li><li>Az \u00e1raj\u00e1nlat k\u00e9sz\u00edt\u00e9s\u00e9hez \u00e1razatlan k\u00f6lts\u00e9gvet\u00e9s k\u00e9sz\u00edt\u00e9s\u00e9re van sz\u00fcks\u00e9g\u00fcnk melyet k\u00fcl\u00f6n megrendel\u00e9sre el tudunk k\u00e9sz\u00edteni.<\/li><li>A kivitelez\u00e9shez sz\u00fcks\u00e9ges r\u00e9szletezetts\u00e9g\u0171 kiviteli tervek megrendel\u00e9se.<\/li><\/ul><p>Amennyiben sz\u0171k\u00f6s hat\u00e1rid\u0151, vagy szakembereink t\u00falzott leterhelts\u00e9ge ok\u00e1n, nem tudjuk v\u00e1llalni a komplett gener\u00e1lkivitelez\u00e9st, lehet\u0151s\u00e9g van r\u00e9szmunk\u00e1k elv\u00e9gz\u00e9s\u00e9re.<\/p>\t\t\t\t\t\t\t\t<\/div>\n\t\t\t\t<\/div>\n\t\t\t\t<div class=\"elementor-element elementor-element-59b7e60 elementor-align-center elementor-widget__width-initial elementor-widget elementor-widget-button\" data-id=\"59b7e60\" data-element_type=\"widget\" data-e-type=\"widget\" data-widget_type=\"button.default\">\n\t\t\t\t<div class=\"elementor-widget-container\">\n\t\t\t\t\t\t\t\t\t<div class=\"elementor-button-wrapper\">\n\t\t\t\t\t<a class=\"elementor-button elementor-button-link elementor-size-lg\" href=\"https:\/\/architive.hu\/kapcsolat\/\">\n\t\t\t\t\t\t<span class=\"elementor-button-content-wrapper\">\n\t\t\t\t\t\t<span class=\"elementor-button-icon\">\n\t\t\t\t<i aria-hidden=\"true\" class=\"far fa-edit\"><\/i>\t\t\t<\/span>\n\t\t\t\t\t\t\t\t\t<span class=\"elementor-button-text\">Aj\u00e1nlatot k\u00e9rek!<\/span>\n\t\t\t\t\t<\/span>\n\t\t\t\t\t<\/a>\n\t\t\t\t<\/div>\n\t\t\t\t\t\t\t\t<\/div>\n\t\t\t\t<\/div>\n\t\t\t\t<div class=\"elementor-element elementor-element-081cb01 elementor-widget elementor-widget-spacer\" data-id=\"081cb01\" data-element_type=\"widget\" data-e-type=\"widget\" data-widget_type=\"spacer.default\">\n\t\t\t\t<div class=\"elementor-widget-container\">\n\t\t\t\t\t\t\t<div class=\"elementor-spacer\">\n\t\t\t<div class=\"elementor-spacer-inner\"><\/div>\n\t\t<\/div>\n\t\t\t\t\t\t<\/div>\n\t\t\t\t<\/div>\n\t\t\t\t<div class=\"elementor-element elementor-element-182f751 elementor-widget elementor-widget-theratio-image-carousel\" data-id=\"182f751\" data-element_type=\"widget\" data-e-type=\"widget\" data-widget_type=\"theratio-image-carousel.default\">\n\t\t\t\t<div class=\"elementor-widget-container\">\n\t\t\t\t\t\r\n\t\t<div class=\"image-carousel swiper swiper-container\" data-slider_options=\"{&quot;slides_show_desktop&quot;:2,&quot;slides_show_tablet&quot;:2,&quot;slides_show_mobile&quot;:2,&quot;slides_scroll_desktop&quot;:1,&quot;slides_scroll_tablet&quot;:1,&quot;slides_scroll_mobile&quot;:1,&quot;margin_desktop&quot;:30,&quot;margin_tablet&quot;:30,&quot;margin_mobile&quot;:30,&quot;arrows&quot;:true,&quot;dots&quot;:false}\"  data-item-slider=\"ot_slider_182f751\">\t\t\t\r\n\t\t\t<div class=\"swiper-wrapper\">\r\n\t\t        <div class=\"swiper-slide\"><div class=\"img-item\"><figure><img decoding=\"async\" src=\"https:\/\/architive.hu\/wp-content\/uploads\/2021\/12\/image00001.jpeg\" alt=\"\"><\/figure><\/div><\/div><div class=\"swiper-slide\"><div class=\"img-item\"><figure><img decoding=\"async\" src=\"https:\/\/architive.hu\/wp-content\/uploads\/2021\/12\/image00049.jpeg\" alt=\"\"><\/figure><\/div><\/div><div class=\"swiper-slide\"><div class=\"img-item\"><figure><img decoding=\"async\" src=\"https:\/\/architive.hu\/wp-content\/uploads\/2021\/12\/image00051.jpeg\" alt=\"\"><\/figure><\/div><\/div>\t\t    <\/div>\r\n\r\n\t\t\t\t\t\t\t\t\t<!-- Add Arrows -->\r\n\t\t\t<div class=\"octf-swiper-button-next\" data-slider=\"ot_slider_182f751\"><i class=\"ot-flaticon-right-arrow\"><\/i><\/div>\r\n\t\t\t<div class=\"octf-swiper-button-prev\" data-slider=\"ot_slider_182f751\"><i class=\"ot-flaticon-left-arrow\"><\/i><\/div>\r\n\t\t\t\t    <\/div>\r\n\t\t\t\t\t\t<\/div>\n\t\t\t\t<\/div>\n\t\t\t\t\t<\/div>\n\t\t<\/div>\n\t\t\t\t\t<\/div>\n\t\t<\/section>\n\t\t\t\t<\/div>\n\t\t","protected":false},"excerpt":{"rendered":"<p>[ szolg\u00e1ltat\u00e1sok ] Kivitelez\u00e9s Lehet\u0151s\u00e9get ny\u00fajtunk saj\u00e1t terveink megval\u00f3s\u00edt\u00e1s\u00e1ra, hab\u00e1r ezen szolg\u00e1ltat\u00e1sunk bizonyos felt\u00e9telekhez k\u00f6t\u00f6tt: Koll\u00e9g\u00e1ink \u00e9s szakembereink csak Budapest \u00e9s k\u00f6zvetlen vonz\u00e1sk\u00f6rzet\u00e9ben tudnak v\u00e1llalni megb\u00edz\u00e1st. Kiz\u00e1r\u00f3lag saj\u00e1t enged\u00e9lyezett terveinket v\u00e1llaljuk. Az \u00e1raj\u00e1nlat k\u00e9sz\u00edt\u00e9s\u00e9hez \u00e1razatlan k\u00f6lts\u00e9gvet\u00e9s k\u00e9sz\u00edt\u00e9s\u00e9re van sz\u00fcks\u00e9g\u00fcnk melyet k\u00fcl\u00f6n megrendel\u00e9sre el tudunk k\u00e9sz\u00edteni. A kivitelez\u00e9shez sz\u00fcks\u00e9ges r\u00e9szletezetts\u00e9g\u0171 kiviteli tervek megrendel\u00e9se. Amennyiben sz\u0171k\u00f6s hat\u00e1rid\u0151, [&hellip;]<\/p>\n","protected":false},"author":1,"featured_media":5347,"parent":2405,"menu_order":0,"comment_status":"closed","ping_status":"closed","template":"","meta":{"itsec_x_frame_options":"","footnotes":""},"class_list":["post-5246","page","type-page","status-publish","has-post-thumbnail","hentry"],"_links":{"self":[{"href":"https:\/\/architive.hu\/en\/wp-json\/wp\/v2\/pages\/5246","targetHints":{"allow":["GET"]}}],"collection":[{"href":"https:\/\/architive.hu\/en\/wp-json\/wp\/v2\/pages"}],"about":[{"href":"https:\/\/architive.hu\/en\/wp-json\/wp\/v2\/types\/page"}],"author":[{"embeddable":true,"href":"https:\/\/architive.hu\/en\/wp-json\/wp\/v2\/users\/1"}],"replies":[{"embeddable":true,"href":"https:\/\/architive.hu\/en\/wp-json\/wp\/v2\/comments?post=5246"}],"version-history":[{"count":0,"href":"https:\/\/architive.hu\/en\/wp-json\/wp\/v2\/pages\/5246\/revisions"}],"up":[{"embeddable":true,"href":"https:\/\/architive.hu\/en\/wp-json\/wp\/v2\/pages\/2405"}],"wp:featuredmedia":[{"embeddable":true,"href":"https:\/\/architive.hu\/en\/wp-json\/wp\/v2\/media\/5347"}],"wp:attachment":[{"href":"https:\/\/architive.hu\/en\/wp-json\/wp\/v2\/media?parent=5246"}],"curies":[{"name":"wp","href":"https:\/\/api.w.org\/{rel}","templated":true}]}}