{"id":5240,"date":"2021-11-24T10:34:53","date_gmt":"2021-11-24T10:34:53","guid":{"rendered":"https:\/\/architive.hu\/?page_id=5240"},"modified":"2022-10-05T16:24:54","modified_gmt":"2022-10-05T16:24:54","slug":"building-survey","status":"publish","type":"page","link":"https:\/\/architive.hu\/en\/szolgaltatasaink\/epiteszeti-felmeres\/","title":{"rendered":"Building Survey"},"content":{"rendered":"\t\t<div data-elementor-type=\"wp-page\" data-elementor-id=\"5240\" class=\"elementor elementor-5240\">\n\t\t\t\t\t\t<section class=\"elementor-section elementor-top-section elementor-element elementor-element-8807e2c elementor-reverse-tablet elementor-reverse-mobile elementor-section-boxed elementor-section-height-default elementor-section-height-default\" data-id=\"8807e2c\" data-element_type=\"section\" data-e-type=\"section\" data-settings=\"{&quot;jet_parallax_layout_list&quot;:[{&quot;jet_parallax_layout_image&quot;:{&quot;url&quot;:&quot;&quot;,&quot;id&quot;:&quot;&quot;,&quot;size&quot;:&quot;&quot;},&quot;_id&quot;:&quot;6c41aa8&quot;,&quot;jet_parallax_layout_image_tablet&quot;:{&quot;url&quot;:&quot;&quot;,&quot;id&quot;:&quot;&quot;,&quot;size&quot;:&quot;&quot;},&quot;jet_parallax_layout_image_mobile&quot;:{&quot;url&quot;:&quot;&quot;,&quot;id&quot;:&quot;&quot;,&quot;size&quot;:&quot;&quot;},&quot;jet_parallax_layout_speed&quot;:{&quot;unit&quot;:&quot;%&quot;,&quot;size&quot;:50,&quot;sizes&quot;:[]},&quot;jet_parallax_layout_type&quot;:&quot;scroll&quot;,&quot;jet_parallax_layout_direction&quot;:&quot;1&quot;,&quot;jet_parallax_layout_fx_direction&quot;:null,&quot;jet_parallax_layout_z_index&quot;:&quot;&quot;,&quot;jet_parallax_layout_bg_x&quot;:50,&quot;jet_parallax_layout_bg_x_tablet&quot;:&quot;&quot;,&quot;jet_parallax_layout_bg_x_mobile&quot;:&quot;&quot;,&quot;jet_parallax_layout_bg_y&quot;:50,&quot;jet_parallax_layout_bg_y_tablet&quot;:&quot;&quot;,&quot;jet_parallax_layout_bg_y_mobile&quot;:&quot;&quot;,&quot;jet_parallax_layout_bg_size&quot;:&quot;auto&quot;,&quot;jet_parallax_layout_bg_size_tablet&quot;:&quot;&quot;,&quot;jet_parallax_layout_bg_size_mobile&quot;:&quot;&quot;,&quot;jet_parallax_layout_animation_prop&quot;:&quot;transform&quot;,&quot;jet_parallax_layout_on&quot;:[&quot;desktop&quot;,&quot;tablet&quot;]}]}\">\n\t\t\t\t\t\t<div class=\"elementor-container elementor-column-gap-extended\">\n\t\t\t\t\t<div class=\"elementor-column elementor-col-50 elementor-top-column elementor-element elementor-element-1633759 ot-flex-column-vertical\" data-id=\"1633759\" data-element_type=\"column\" data-e-type=\"column\">\n\t\t\t<div class=\"elementor-widget-wrap elementor-element-populated\">\n\t\t\t\t\t\t<div class=\"elementor-element elementor-element-f159f56 widget-area elementor-widget elementor-widget-sidebar\" data-id=\"f159f56\" data-element_type=\"widget\" data-e-type=\"widget\" data-widget_type=\"sidebar.default\">\n\t\t\t\t<div class=\"elementor-widget-container\">\n\t\t\t\t\t<section id=\"nav_menu-1\" class=\"widget widget_nav_menu\"><div class=\"menu-menu-service-container\"><ul id=\"menu-menu-service\" class=\"menu\"><li id=\"menu-item-2924\" class=\"menu-item menu-item-type-post_type menu-item-object-page menu-item-2924\"><a href=\"https:\/\/architive.hu\/en\/szolgaltatasaink\/generaltervezes\/\" data-ps2id-api=\"true\">01. Gener\u00e1ltervez\u00e9s<\/a><\/li>\n<li id=\"menu-item-5261\" class=\"menu-item menu-item-type-post_type menu-item-object-page menu-item-5261\"><a href=\"https:\/\/architive.hu\/en\/szolgaltatasaink\/epiteszeti-felmeres\/\" data-ps2id-api=\"true\">02. Felm\u00e9r\u00e9s<\/a><\/li>\n<li id=\"menu-item-5262\" class=\"menu-item menu-item-type-post_type menu-item-object-page menu-item-5262\"><a href=\"https:\/\/architive.hu\/en\/szolgaltatasaink\/latvanytervezes\/\" data-ps2id-api=\"true\">03. L\u00e1tv\u00e1nytervez\u00e9s<\/a><\/li>\n<li id=\"menu-item-5263\" class=\"menu-item menu-item-type-post_type menu-item-object-page menu-item-5263\"><a href=\"https:\/\/architive.hu\/en\/szolgaltatasaink\/kivitelezes\/\" data-ps2id-api=\"true\">04. Kivitelez\u00e9s<\/a><\/li>\n<li id=\"menu-item-5264\" class=\"menu-item menu-item-type-post_type menu-item-object-page menu-item-5264\"><a href=\"https:\/\/architive.hu\/en\/szolgaltatasaink\/szaktanacsadas\/\" data-ps2id-api=\"true\">05. Szaktan\u00e1csad\u00e1s<\/a><\/li>\n<li id=\"menu-item-6568\" class=\"menu-item menu-item-type-post_type menu-item-object-page menu-item-6568\"><a href=\"https:\/\/architive.hu\/en\/szolgaltatasaink\/telepuleskepi-bejelentes\/\" data-ps2id-api=\"true\">06. Telep\u00fcl\u00e9sk\u00e9pi bejelent\u00e9s<\/a><\/li>\n<\/ul><\/div><\/section>\t\t\t\t<\/div>\n\t\t\t\t<\/div>\n\t\t\t\t\t<\/div>\n\t\t<\/div>\n\t\t\t\t<div class=\"elementor-column elementor-col-50 elementor-top-column elementor-element elementor-element-5716d59 ot-flex-column-vertical\" data-id=\"5716d59\" data-element_type=\"column\" data-e-type=\"column\">\n\t\t\t<div class=\"elementor-widget-wrap elementor-element-populated\">\n\t\t\t\t\t\t<div class=\"elementor-element elementor-element-3719cf2 elementor-widget elementor-widget-iheading\" data-id=\"3719cf2\" data-element_type=\"widget\" data-e-type=\"widget\" data-widget_type=\"iheading.default\">\n\t\t\t\t<div class=\"elementor-widget-container\">\n\t\t\t\t\t\t\t<div class=\"ot-heading \">\r\n\t        <span>[ szolg\u00e1ltat\u00e1sok ]<\/span>\t        <h2 class=\"main-heading\">Felm\u00e9r\u00e9s<\/h2>\t    <\/div>\r\n\t    \t\t\t\t<\/div>\n\t\t\t\t<\/div>\n\t\t\t\t<div class=\"elementor-element elementor-element-e145324 elementor-widget elementor-widget-text-editor\" data-id=\"e145324\" data-element_type=\"widget\" data-e-type=\"widget\" data-widget_type=\"text-editor.default\">\n\t\t\t\t<div class=\"elementor-widget-container\">\n\t\t\t\t\t\t\t\t\t<p>\u00c9p\u00edt\u00e9szeti felm\u00e9r\u00e9s &#8211; megl\u00e9v\u0151 \u00e9p\u00fcletek felm\u00e9r\u00e9se sor\u00e1n a c\u00e9l az \u00e9p\u00fcletr\u0151l egy komplett tervdokument\u00e1ci\u00f3 k\u00e9sz\u00edt\u00e9se ami az al\u00e1bbiakat tartalmazza:<\/p><ul><li>alaprajzok minden szintr\u0151l<\/li><li>k\u00e9t jellemz\u0151 keresztmetszet<\/li><li>\u00f6sszes homlokzati n\u00e9zetrajz<\/li><li>helysz\u00ednrajz az \u00e9p\u00fclet poz\u00edci\u00f3j\u00e1r\u00f3l \u00e9s fel\u00fcln\u00e9zeti k\u00e9p\u00e9r\u0151l<\/li><\/ul><p>Ig\u00e9ny eset\u00e9n lehet\u0151s\u00e9g van:<\/p><ul><li>tart\u00f3szerkezeti \u00e1llapotfelm\u00e9r\u00e9sre<\/li><li>\u00e9p\u00fclet megl\u00e9v\u0151 utcak\u00e9pi n\u00e9zetrajz\u00e1ra szomsz\u00e9dos \u00e9p\u00fcletekkel<\/li><\/ul><p>Lejt\u0151s telek (10% felett) eset\u00e9n csakis geod\u00e9ziai felm\u00e9r\u00e9ssel egy\u00fctt tudjuk v\u00e1llalni a projektet.<\/p><p>A szolg\u00e1ltat\u00e1s a megl\u00e9v\u0151 \u00e9p\u00fcletek b\u0151v\u00edt\u00e9s\u00e9n\u00e9l \u00e9s annak enged\u00e9lyez\u00e9si elj\u00e1r\u00e1s\u00e1n\u00e1l szokott sz\u00fcks\u00e9gess\u00e9 v\u00e1lni.<\/p>\t\t\t\t\t\t\t\t<\/div>\n\t\t\t\t<\/div>\n\t\t\t\t<div class=\"elementor-element elementor-element-bbcca14 elementor-align-center elementor-widget__width-initial elementor-widget elementor-widget-button\" data-id=\"bbcca14\" data-element_type=\"widget\" data-e-type=\"widget\" data-widget_type=\"button.default\">\n\t\t\t\t<div class=\"elementor-widget-container\">\n\t\t\t\t\t\t\t\t\t<div class=\"elementor-button-wrapper\">\n\t\t\t\t\t<a class=\"elementor-button elementor-button-link elementor-size-lg\" href=\"https:\/\/architive.hu\/kapcsolat\/\">\n\t\t\t\t\t\t<span class=\"elementor-button-content-wrapper\">\n\t\t\t\t\t\t<span class=\"elementor-button-icon\">\n\t\t\t\t<i aria-hidden=\"true\" class=\"far fa-edit\"><\/i>\t\t\t<\/span>\n\t\t\t\t\t\t\t\t\t<span class=\"elementor-button-text\">Aj\u00e1nlatot k\u00e9rek!<\/span>\n\t\t\t\t\t<\/span>\n\t\t\t\t\t<\/a>\n\t\t\t\t<\/div>\n\t\t\t\t\t\t\t\t<\/div>\n\t\t\t\t<\/div>\n\t\t\t\t<div class=\"elementor-element elementor-element-e151abf elementor-widget elementor-widget-image\" data-id=\"e151abf\" data-element_type=\"widget\" data-e-type=\"widget\" data-widget_type=\"image.default\">\n\t\t\t\t<div class=\"elementor-widget-container\">\n\t\t\t\t\t\t\t\t\t\t\t\t\t\t\t<img fetchpriority=\"high\" decoding=\"async\" width=\"818\" height=\"705\" src=\"https:\/\/architive.hu\/wp-content\/uploads\/2021\/12\/szolgaltatas-felmeres.jpg\" class=\"attachment-large size-large wp-image-5984\" alt=\"epites-felmeres\" srcset=\"https:\/\/architive.hu\/wp-content\/uploads\/2021\/12\/szolgaltatas-felmeres.jpg 818w, https:\/\/architive.hu\/wp-content\/uploads\/2021\/12\/szolgaltatas-felmeres-300x259.jpg 300w, https:\/\/architive.hu\/wp-content\/uploads\/2021\/12\/szolgaltatas-felmeres-768x662.jpg 768w\" sizes=\"(max-width: 818px) 100vw, 818px\" \/>\t\t\t\t\t\t\t\t\t\t\t\t\t\t\t<\/div>\n\t\t\t\t<\/div>\n\t\t\t\t\t<\/div>\n\t\t<\/div>\n\t\t\t\t\t<\/div>\n\t\t<\/section>\n\t\t\t\t<\/div>\n\t\t","protected":false},"excerpt":{"rendered":"<p>[ szolg\u00e1ltat\u00e1sok ] Felm\u00e9r\u00e9s \u00c9p\u00edt\u00e9szeti felm\u00e9r\u00e9s &#8211; megl\u00e9v\u0151 \u00e9p\u00fcletek felm\u00e9r\u00e9se sor\u00e1n a c\u00e9l az \u00e9p\u00fcletr\u0151l egy komplett tervdokument\u00e1ci\u00f3 k\u00e9sz\u00edt\u00e9se ami az al\u00e1bbiakat tartalmazza: alaprajzok minden szintr\u0151l k\u00e9t jellemz\u0151 keresztmetszet \u00f6sszes homlokzati n\u00e9zetrajz helysz\u00ednrajz az \u00e9p\u00fclet poz\u00edci\u00f3j\u00e1r\u00f3l \u00e9s fel\u00fcln\u00e9zeti k\u00e9p\u00e9r\u0151l Ig\u00e9ny eset\u00e9n lehet\u0151s\u00e9g van: tart\u00f3szerkezeti \u00e1llapotfelm\u00e9r\u00e9sre \u00e9p\u00fclet megl\u00e9v\u0151 utcak\u00e9pi n\u00e9zetrajz\u00e1ra szomsz\u00e9dos \u00e9p\u00fcletekkel Lejt\u0151s telek (10% felett) [&hellip;]<\/p>\n","protected":false},"author":1,"featured_media":0,"parent":2405,"menu_order":0,"comment_status":"closed","ping_status":"closed","template":"","meta":{"itsec_x_frame_options":"","footnotes":""},"class_list":["post-5240","page","type-page","status-publish","hentry"],"_links":{"self":[{"href":"https:\/\/architive.hu\/en\/wp-json\/wp\/v2\/pages\/5240","targetHints":{"allow":["GET"]}}],"collection":[{"href":"https:\/\/architive.hu\/en\/wp-json\/wp\/v2\/pages"}],"about":[{"href":"https:\/\/architive.hu\/en\/wp-json\/wp\/v2\/types\/page"}],"author":[{"embeddable":true,"href":"https:\/\/architive.hu\/en\/wp-json\/wp\/v2\/users\/1"}],"replies":[{"embeddable":true,"href":"https:\/\/architive.hu\/en\/wp-json\/wp\/v2\/comments?post=5240"}],"version-history":[{"count":0,"href":"https:\/\/architive.hu\/en\/wp-json\/wp\/v2\/pages\/5240\/revisions"}],"up":[{"embeddable":true,"href":"https:\/\/architive.hu\/en\/wp-json\/wp\/v2\/pages\/2405"}],"wp:attachment":[{"href":"https:\/\/architive.hu\/en\/wp-json\/wp\/v2\/media?parent=5240"}],"curies":[{"name":"wp","href":"https:\/\/api.w.org\/{rel}","templated":true}]}}