{"id":3985,"date":"2020-07-07T04:14:44","date_gmt":"2020-07-07T04:14:44","guid":{"rendered":"http:\/\/wpdemo.archiwp.com\/theratio\/?page_id=3985"},"modified":"2021-12-14T14:33:39","modified_gmt":"2021-12-14T14:33:39","slug":"informations","status":"publish","type":"page","link":"https:\/\/architive.hu\/en\/tudnivalok\/","title":{"rendered":"Informations"},"content":{"rendered":"\t\t<div data-elementor-type=\"wp-page\" data-elementor-id=\"3985\" class=\"elementor elementor-3985\">\n\t\t\t\t\t\t<section class=\"elementor-section elementor-top-section elementor-element elementor-element-3d510d1 elementor-section-boxed elementor-section-height-default elementor-section-height-default\" data-id=\"3d510d1\" data-element_type=\"section\" data-e-type=\"section\" data-settings=\"{&quot;jet_parallax_layout_list&quot;:[{&quot;jet_parallax_layout_image&quot;:{&quot;url&quot;:&quot;&quot;,&quot;id&quot;:&quot;&quot;,&quot;size&quot;:&quot;&quot;},&quot;_id&quot;:&quot;dee42e5&quot;,&quot;jet_parallax_layout_image_tablet&quot;:{&quot;url&quot;:&quot;&quot;,&quot;id&quot;:&quot;&quot;,&quot;size&quot;:&quot;&quot;},&quot;jet_parallax_layout_image_mobile&quot;:{&quot;url&quot;:&quot;&quot;,&quot;id&quot;:&quot;&quot;,&quot;size&quot;:&quot;&quot;},&quot;jet_parallax_layout_speed&quot;:{&quot;unit&quot;:&quot;%&quot;,&quot;size&quot;:50,&quot;sizes&quot;:[]},&quot;jet_parallax_layout_type&quot;:&quot;scroll&quot;,&quot;jet_parallax_layout_direction&quot;:&quot;1&quot;,&quot;jet_parallax_layout_fx_direction&quot;:null,&quot;jet_parallax_layout_z_index&quot;:&quot;&quot;,&quot;jet_parallax_layout_bg_x&quot;:50,&quot;jet_parallax_layout_bg_x_tablet&quot;:&quot;&quot;,&quot;jet_parallax_layout_bg_x_mobile&quot;:&quot;&quot;,&quot;jet_parallax_layout_bg_y&quot;:50,&quot;jet_parallax_layout_bg_y_tablet&quot;:&quot;&quot;,&quot;jet_parallax_layout_bg_y_mobile&quot;:&quot;&quot;,&quot;jet_parallax_layout_bg_size&quot;:&quot;auto&quot;,&quot;jet_parallax_layout_bg_size_tablet&quot;:&quot;&quot;,&quot;jet_parallax_layout_bg_size_mobile&quot;:&quot;&quot;,&quot;jet_parallax_layout_animation_prop&quot;:&quot;transform&quot;,&quot;jet_parallax_layout_on&quot;:[&quot;desktop&quot;,&quot;tablet&quot;]}]}\">\n\t\t\t\t\t\t<div class=\"elementor-container elementor-column-gap-default\">\n\t\t\t\t\t<div class=\"elementor-column elementor-col-100 elementor-top-column elementor-element elementor-element-a53f8c2 ot-flex-column-vertical\" data-id=\"a53f8c2\" data-element_type=\"column\" data-e-type=\"column\">\n\t\t\t<div class=\"elementor-widget-wrap elementor-element-populated\">\n\t\t\t\t\t\t<div class=\"elementor-element elementor-element-705f2bd elementor-widget elementor-widget-ipost_grid\" data-id=\"705f2bd\" data-element_type=\"widget\" data-e-type=\"widget\" data-widget_type=\"ipost_grid.default\">\n\t\t\t\t<div class=\"elementor-widget-container\">\n\t\t\t\t\t\t\t<div class=\"blog-grid pf_3_cols v-light\">\r\n        \t \r\n<article id=\"post-5337\" class=\"post-box masonry-post-item post-5337 post type-post status-publish format-standard has-post-thumbnail hentry category-uncategorized\">\r\n\t<div class=\"post-inner\">\r\n\t    \r\n\t        <div class=\"entry-media post-cat-abs\">\r\n\t            <a href=\"https:\/\/architive.hu\/en\/miert-jok-a-kiviteli-tervek\/\">\r\n\t                <img fetchpriority=\"high\" decoding=\"async\" width=\"1152\" height=\"768\" src=\"https:\/\/architive.hu\/wp-content\/uploads\/2021\/11\/team-engineer-and-architects-are-meeting-to-plan-f-2021-09-15-18-14-32-utc.jpg\" class=\"attachment-post-thumbnail size-post-thumbnail wp-post-image\" alt=\"\" srcset=\"https:\/\/architive.hu\/wp-content\/uploads\/2021\/11\/team-engineer-and-architects-are-meeting-to-plan-f-2021-09-15-18-14-32-utc.jpg 1152w, https:\/\/architive.hu\/wp-content\/uploads\/2021\/11\/team-engineer-and-architects-are-meeting-to-plan-f-2021-09-15-18-14-32-utc-300x200.jpg 300w, https:\/\/architive.hu\/wp-content\/uploads\/2021\/11\/team-engineer-and-architects-are-meeting-to-plan-f-2021-09-15-18-14-32-utc-1024x683.jpg 1024w, https:\/\/architive.hu\/wp-content\/uploads\/2021\/11\/team-engineer-and-architects-are-meeting-to-plan-f-2021-09-15-18-14-32-utc-768x512.jpg 768w\" sizes=\"(max-width: 1152px) 100vw, 1152px\" \/>\t            <\/a>\r\n\t            <div class=\"post-cat\"><div class=\"posted-in\"><a href=\"https:\/\/architive.hu\/en\/category\/uncategorized\/\" rel=\"category tag\">Uncategorized<\/a><\/div><\/div>\t        <\/div>\r\n\t        \r\n\t    \r\n\t    <div class=\"inner-post\">\r\n\t        <div class=\"entry-header\">\r\n\r\n\t            \t            <div class=\"entry-meta\">\r\n\t            \t<span class=\"byline\"><a class=\"url fn n\" href=\"https:\/\/architive.hu\/en\/author\/herczegattila\/\">Herczeg Attila<\/a><\/span>\t            <\/div><!-- .entry-meta -->\r\n\t            \r\n\t            <h4 class=\"entry-title\"><a class=\"title-link\" href=\"https:\/\/architive.hu\/en\/miert-jok-a-kiviteli-tervek\/\" rel=\"bookmark\">MI\u00c9RT J\u00d3K A KIVITELI TERVEK?<\/a><\/h4>\r\n\t        <\/div><!-- .entry-header -->\r\n\r\n\t        <div class=\"entry-summary the-excerpt\">\r\n\r\n\t            <p>Csal\u00e1di h\u00e1zak eset\u00e9n Magyarorsz\u00e1gon nem \u00f6rvend t\u00fal nagy divatnak a kiviteli tervek megrendel\u00e9se, holott sok fejf\u00e1j\u00e1st\u00f3l \u00e9s ak\u00e1r komoly p\u00e9nz\u00fcgyi k\u00e1rokt\u00f3l mentheti meg az \u00e9p\u00edttet\u0151t. Az \u00e9p\u00edt\u00e9si enged\u00e9lyez\u00e9si tervdokument\u00e1ci\u00f3 alapvet\u0151 jogszab\u00e1lyban megfogalmazott tartalmi k\u00f6vetelm\u00e9nye nem felt\u00e9tlen el\u00e9gs\u00e9ges egy \u00e9p\u00fclet kivitelez\u00e9s\u00e9re, m\u00e9g csal\u00e1di h\u00e1z szintj\u00e9n sem. Csal\u00e1di h\u00e1zakn\u00e1l is felmer\u00fclhetnek ugyanis olyan \u00f6sszetett szerkezeti-csom\u00f3ponti kih\u00edv\u00e1sok, melyek [&hellip;]<\/p>\n\r\n\t        <\/div><!-- .entry-content -->\r\n\t        <div class=\"entry-footer\">\r\n\t        \t<a href=\"https:\/\/architive.hu\/en\/miert-jok-a-kiviteli-tervek\/\" class=\"btn-details\"> TOV\u00c1BB<\/a>\t        <\/div>\r\n\t    <\/div>\r\n\t<\/div>\r\n<\/article> \r\n<article id=\"post-5339\" class=\"post-box masonry-post-item post-5339 post type-post status-publish format-standard has-post-thumbnail hentry category-uncategorized\">\r\n\t<div class=\"post-inner\">\r\n\t    \r\n\t        <div class=\"entry-media post-cat-abs\">\r\n\t            <a href=\"https:\/\/architive.hu\/en\/mire-figyeljunk-telekvasarlas-elott\/\">\r\n\t                <img decoding=\"async\" width=\"1600\" height=\"1065\" src=\"https:\/\/architive.hu\/wp-content\/uploads\/2021\/11\/telek-cikk2.jpg\" class=\"attachment-post-thumbnail size-post-thumbnail wp-post-image\" alt=\"\" srcset=\"https:\/\/architive.hu\/wp-content\/uploads\/2021\/11\/telek-cikk2.jpg 1600w, https:\/\/architive.hu\/wp-content\/uploads\/2021\/11\/telek-cikk2-300x200.jpg 300w, https:\/\/architive.hu\/wp-content\/uploads\/2021\/11\/telek-cikk2-1024x682.jpg 1024w, https:\/\/architive.hu\/wp-content\/uploads\/2021\/11\/telek-cikk2-768x511.jpg 768w, https:\/\/architive.hu\/wp-content\/uploads\/2021\/11\/telek-cikk2-1536x1022.jpg 1536w\" sizes=\"(max-width: 1600px) 100vw, 1600px\" \/>\t            <\/a>\r\n\t            <div class=\"post-cat\"><div class=\"posted-in\"><a href=\"https:\/\/architive.hu\/en\/category\/uncategorized\/\" rel=\"category tag\">Uncategorized<\/a><\/div><\/div>\t        <\/div>\r\n\t        \r\n\t    \r\n\t    <div class=\"inner-post\">\r\n\t        <div class=\"entry-header\">\r\n\r\n\t            \t            <div class=\"entry-meta\">\r\n\t            \t<span class=\"byline\"><a class=\"url fn n\" href=\"https:\/\/architive.hu\/en\/author\/herczegattila\/\">Herczeg Attila<\/a><\/span>\t            <\/div><!-- .entry-meta -->\r\n\t            \r\n\t            <h4 class=\"entry-title\"><a class=\"title-link\" href=\"https:\/\/architive.hu\/en\/mire-figyeljunk-telekvasarlas-elott\/\" rel=\"bookmark\">MIRE FIGYELJ\u00dcNK TELEKV\u00c1S\u00c1RL\u00c1S EL\u0150TT<\/a><\/h4>\r\n\t        <\/div><!-- .entry-header -->\r\n\r\n\t        <div class=\"entry-summary the-excerpt\">\r\n\r\n\t            <p>Sokan esnek abba a hib\u00e1ba, hogy a kiszemelt telek megv\u00e1s\u00e1rl\u00e1sa el\u0151tt nem n\u00e9znek ut\u00e1na az ingatlan adotts\u00e1gainak, illetve a Helyi \u00c9p\u00edt\u00e9si Szab\u00e1lyzatnak, mik\u00f6zben m\u00e1r konkr\u00e9t elk\u00e9pzel\u00e9seik vannak \u00e1lmaik otthon\u00e1r\u00f3l. Minden telep\u00fcl\u00e9snek, illetve Budapesten bel\u00fcl minden ker\u00fcletnek k\u00fcl\u00f6n Helyi \u00c9p\u00edt\u00e9si Szab\u00e1lyzata (H\u00c9SZ, Budapesten KVSZ) van, mely r\u00e9szletes inform\u00e1ci\u00f3t ad a szab\u00e1lyoz\u00e1si terv alapj\u00e1n \u00e9p\u00edt\u00e9si \u00f6vezetekbe sorolt [&hellip;]<\/p>\n\r\n\t        <\/div><!-- .entry-content -->\r\n\t        <div class=\"entry-footer\">\r\n\t        \t<a href=\"https:\/\/architive.hu\/en\/mire-figyeljunk-telekvasarlas-elott\/\" class=\"btn-details\"> TOV\u00c1BB<\/a>\t        <\/div>\r\n\t    <\/div>\r\n\t<\/div>\r\n<\/article> \r\n<article id=\"post-5348\" class=\"post-box masonry-post-item post-5348 post type-post status-publish format-standard has-post-thumbnail hentry category-uncategorized\">\r\n\t<div class=\"post-inner\">\r\n\t    \r\n\t        <div class=\"entry-media post-cat-abs\">\r\n\t            <a href=\"https:\/\/architive.hu\/en\/tervezesi-folyamat-avagy-igy-dolgozunk-mi\/\">\r\n\t                <img decoding=\"async\" width=\"1161\" height=\"750\" src=\"https:\/\/architive.hu\/wp-content\/uploads\/2021\/11\/house-plan-blueprint-2021-08-26-22-29-58-utc.jpg\" class=\"attachment-post-thumbnail size-post-thumbnail wp-post-image\" alt=\"\" srcset=\"https:\/\/architive.hu\/wp-content\/uploads\/2021\/11\/house-plan-blueprint-2021-08-26-22-29-58-utc.jpg 1161w, https:\/\/architive.hu\/wp-content\/uploads\/2021\/11\/house-plan-blueprint-2021-08-26-22-29-58-utc-300x194.jpg 300w, https:\/\/architive.hu\/wp-content\/uploads\/2021\/11\/house-plan-blueprint-2021-08-26-22-29-58-utc-1024x661.jpg 1024w, https:\/\/architive.hu\/wp-content\/uploads\/2021\/11\/house-plan-blueprint-2021-08-26-22-29-58-utc-768x496.jpg 768w\" sizes=\"(max-width: 1161px) 100vw, 1161px\" \/>\t            <\/a>\r\n\t            <div class=\"post-cat\"><div class=\"posted-in\"><a href=\"https:\/\/architive.hu\/en\/category\/uncategorized\/\" rel=\"category tag\">Uncategorized<\/a><\/div><\/div>\t        <\/div>\r\n\t        \r\n\t    \r\n\t    <div class=\"inner-post\">\r\n\t        <div class=\"entry-header\">\r\n\r\n\t            \t            <div class=\"entry-meta\">\r\n\t            \t<span class=\"byline\"><a class=\"url fn n\" href=\"https:\/\/architive.hu\/en\/author\/herczegattila\/\">Herczeg Attila<\/a><\/span>\t            <\/div><!-- .entry-meta -->\r\n\t            \r\n\t            <h4 class=\"entry-title\"><a class=\"title-link\" href=\"https:\/\/architive.hu\/en\/tervezesi-folyamat-avagy-igy-dolgozunk-mi\/\" rel=\"bookmark\">TERVEZ\u00c9SI FOLYAMAT, AVAGY \u00cdGY DOLGOZUNK MI<\/a><\/h4>\r\n\t        <\/div><!-- .entry-header -->\r\n\r\n\t        <div class=\"entry-summary the-excerpt\">\r\n\r\n\t            <p>&nbsp; TERVEZ\u00c9SI PROGRAM A tervez\u00e9s els\u0151 l\u00e9p\u00e9sek\u00e9nt \u00f6ssze\u00e1ll\u00edtjuk a tervez\u00e9si programot. Itt t\u00e1rjuk fel \u00e9s fogalmazzuk meg az ig\u00e9nyeket, p\u00e9ld\u00e1ul, hogy h\u00e1ny h\u00e1l\u00f3szob\u00e1ra \u00e9s f\u00fcrd\u0151szob\u00e1ra van sz\u00fcks\u00e9g\u00fcnk, illetve milyen elk\u00e9pzel\u00e9seink vannak a lak\u00f3terek kapcs\u00e1n: az \u00e9tkez\u0151t is mag\u00e1ba foglal\u00f3 amerikai konyh\u00e1s nappalit szeretn\u00e9nk net\u00e1n, esetleg elk\u00edv\u00e1njuk egym\u00e1st\u00f3l szepar\u00e1lni a sz\u00fcl\u0151i h\u00e1l\u00f3t a gyermekszob\u00e1kt\u00f3l, vagy \u00e9pp [&hellip;]<\/p>\n\r\n\t        <\/div><!-- .entry-content -->\r\n\t        <div class=\"entry-footer\">\r\n\t        \t<a href=\"https:\/\/architive.hu\/en\/tervezesi-folyamat-avagy-igy-dolgozunk-mi\/\" class=\"btn-details\"> TOV\u00c1BB<\/a>\t        <\/div>\r\n\t    <\/div>\r\n\t<\/div>\r\n<\/article>\t    <\/div>\r\n\t    \t    \r\n\t\t\t\t\t\t<\/div>\n\t\t\t\t<\/div>\n\t\t\t\t\t<\/div>\n\t\t<\/div>\n\t\t\t\t\t<\/div>\n\t\t<\/section>\n\t\t\t\t<\/div>\n\t\t","protected":false},"excerpt":{"rendered":"<p>Uncategorized Herczeg Attila TERVEZ\u00c9SI FOLYAMAT, AVAGY \u00cdGY DOLGOZUNK MI TERVEZ\u00c9SI PROGRAM A tervez\u00e9s els\u0151 l\u00e9p\u00e9sek\u00e9nt \u00f6ssze\u00e1ll\u00edtjuk a tervez\u00e9si programot. Itt t\u00e1rjuk fel \u00e9s fogalmazzuk meg az ig\u00e9nyeket, p\u00e9ld\u00e1ul, hogy h\u00e1ny h\u00e1l\u00f3szob\u00e1ra \u00e9s f\u00fcrd\u0151szob\u00e1ra van sz\u00fcks\u00e9g\u00fcnk, illetve milyen elk\u00e9pzel\u00e9seink vannak a lak\u00f3terek kapcs\u00e1n: az \u00e9tkez\u0151t is mag\u00e1ba foglal\u00f3 amerikai konyh\u00e1s nappalit szeretn\u00e9nk net\u00e1n, esetleg elk\u00edv\u00e1njuk egym\u00e1st\u00f3l [&hellip;]<\/p>\n","protected":false},"author":1,"featured_media":0,"parent":0,"menu_order":0,"comment_status":"closed","ping_status":"closed","template":"","meta":{"itsec_x_frame_options":"","footnotes":""},"class_list":["post-3985","page","type-page","status-publish","hentry"],"_links":{"self":[{"href":"https:\/\/architive.hu\/en\/wp-json\/wp\/v2\/pages\/3985","targetHints":{"allow":["GET"]}}],"collection":[{"href":"https:\/\/architive.hu\/en\/wp-json\/wp\/v2\/pages"}],"about":[{"href":"https:\/\/architive.hu\/en\/wp-json\/wp\/v2\/types\/page"}],"author":[{"embeddable":true,"href":"https:\/\/architive.hu\/en\/wp-json\/wp\/v2\/users\/1"}],"replies":[{"embeddable":true,"href":"https:\/\/architive.hu\/en\/wp-json\/wp\/v2\/comments?post=3985"}],"version-history":[{"count":0,"href":"https:\/\/architive.hu\/en\/wp-json\/wp\/v2\/pages\/3985\/revisions"}],"wp:attachment":[{"href":"https:\/\/architive.hu\/en\/wp-json\/wp\/v2\/media?parent=3985"}],"curies":[{"name":"wp","href":"https:\/\/api.w.org\/{rel}","templated":true}]}}